{"id":984,"date":"2023-06-13T22:34:13","date_gmt":"2023-06-13T22:34:13","guid":{"rendered":"https:\/\/vip.plwdesign.online\/?post_type=product&#038;p=984"},"modified":"2024-04-19T21:30:20","modified_gmt":"2024-04-19T21:30:20","slug":"script-para-site-de-web-radio-online-com-painel-administrativo","status":"publish","type":"product","link":"https:\/\/vip.plwdesign.online\/?product=script-para-site-de-web-radio-online-com-painel-administrativo","title":{"rendered":"Script para Site de Web R\u00e1dio Online Com Painel Administrativo"},"content":{"rendered":"<div class=\"elementor-element elementor-element-136a7c1b elementor-widget elementor-widget-heading\" data-id=\"136a7c1b\" data-element_type=\"widget\" data-widget_type=\"heading.default\">\n<div class=\"elementor-widget-container\">\n<h2 class=\"elementor-heading-title elementor-size-default\" style=\"text-align: center;\">Script Web R\u00e1dio Agora 1.0<\/h2>\n<\/div>\n<\/div>\n<div class=\"elementor-element elementor-element-1fb24a elementor-widget elementor-widget-text-editor\" data-id=\"1fb24a\" data-element_type=\"widget\" data-widget_type=\"text-editor.default\">\n<div class=\"elementor-widget-container\" style=\"text-align: center;\">\n<p>Script para site de R\u00e1dio Online, um servi\u00e7o 100% responsivo desenvolvido em PHP e MySQL, com um poderoso Painel Administrador que permite uma edi\u00e7\u00e3o f\u00e1cil e r\u00e1pida de todo o conte\u00fado do site. Constru\u00eddo com PHP nas vers\u00f5es 5.6 a 7.0 e MySQL, o site oferece uma plataforma robusta e confi\u00e1vel para sua esta\u00e7\u00e3o de r\u00e1dio online.<\/p>\n<p>O Painel Administrador do site foi projetado para ser intuitivo e amig\u00e1vel, permitindo que voc\u00ea fa\u00e7a altera\u00e7\u00f5es no conte\u00fado do site de forma simples e descomplicada. Voc\u00ea poder\u00e1 gerenciar informa\u00e7\u00f5es sobre programas, DJs, playlists, not\u00edcias, eventos e muito mais, tudo com apenas alguns cliques. Nossa plataforma foi desenvolvida pensando na efici\u00eancia e praticidade para que voc\u00ea tenha total controle sobre sua r\u00e1dio online.<\/p>\n<\/div>\n<section class=\"elementor-section elementor-top-section elementor-element elementor-element-65ec934a elementor-section-boxed elementor-section-height-default elementor-section-height-default\" data-id=\"65ec934a\" data-element_type=\"section\">\n<div class=\"elementor-container elementor-column-gap-default\">\n<div class=\"elementor-column elementor-col-100 elementor-top-column elementor-element elementor-element-a4d864\" data-id=\"a4d864\" data-element_type=\"column\">\n<div class=\"elementor-widget-wrap elementor-element-populated\">\n<div class=\"elementor-element elementor-element-4650d2d3 elementor-widget elementor-widget-text-editor\" data-id=\"4650d2d3\" data-element_type=\"widget\" data-widget_type=\"text-editor.default\">\n<div class=\"elementor-widget-container\">\n<p style=\"text-align: center;\">Adquirindo o pacote, voc\u00ea ter\u00e1 acesso a todos os produtos citados acima durante 12 meses, e enviaremos um guia para ensin\u00e1-lo a utilizar o\u00a0<strong>Script WebRadioAgora<\/strong>.<\/p>\n<\/div>\n<\/div>\n<\/div>\n<\/div>\n<\/div>\n<\/section>\n<section class=\"elementor-section elementor-top-section elementor-element elementor-element-566b7e73 elementor-section-boxed elementor-section-height-default elementor-section-height-default\" data-id=\"566b7e73\" data-element_type=\"section\">\n<div class=\"elementor-container elementor-column-gap-default\">\n<div class=\"elementor-column elementor-col-100 elementor-top-column elementor-element elementor-element-4f6f5f77\" data-id=\"4f6f5f77\" data-element_type=\"column\">\n<div class=\"elementor-widget-wrap elementor-element-populated\">\n<div class=\"elementor-element elementor-element-35e8ad42 elementor-widget elementor-widget-heading\" style=\"text-align: center;\" data-id=\"35e8ad42\" data-element_type=\"widget\" data-widget_type=\"heading.default\">\n<div class=\"elementor-widget-container\">\n<h2 class=\"elementor-heading-title elementor-size-default\">Demonstra\u00e7\u00e3o Online\u00a0\ud83d\udd25<\/h2>\n<\/div>\n<\/div>\n<div class=\"elementor-element elementor-element-b81fe30 elementor-button-danger elementor-align-center elementor-widget elementor-widget-button\" data-id=\"b81fe30\" data-element_type=\"widget\" data-widget_type=\"button.default\">\n<div class=\"elementor-widget-container\">\n<div class=\"elementor-button-wrapper\" style=\"text-align: center;\">\n<p style=\"text-align: center;\"><a style=\"display: inline-block; background-color: black; color: white; padding: 10px 20px; text-decoration: none; border-radius: 4px;\" href=\"https:\/\/webradioagora.plwdesign.online\/\">ACESSAR DEMONSTRA\u00c7\u00c3O<\/a><\/p>\n<\/div>\n<\/div>\n<\/div>\n<\/div>\n<\/div>\n<\/div>\n<\/section>\n<\/div>\n","protected":false},"excerpt":{"rendered":"<p>Descubra uma oportunidade incr\u00edvel de lucrar gerenciando sua pr\u00f3pria web r\u00e1dio online com o nosso script exclusivo! Com essa poderosa ferramenta, voc\u00ea ter\u00e1 tudo o que precisa para criar, administrar e monetizar sua esta\u00e7\u00e3o de r\u00e1dio na internet.<\/p>\n","protected":false},"featured_media":986,"comment_status":"open","ping_status":"closed","template":"","meta":[],"product_brand":[],"product_cat":[44],"product_tag":[244,237,45,333],"class_list":{"0":"post-984","1":"product","2":"type-product","3":"status-publish","4":"has-post-thumbnail","6":"product_cat-scripts-php","7":"product_tag-painel-administrativo","8":"product_tag-responsivo","9":"product_tag-script","10":"product_tag-web-radio-online","11":"membership-content","12":"purchase-restricted","14":"first","15":"instock","16":"sale","17":"downloadable","18":"shipping-taxable","19":"product-type-simple"},"_links":{"self":[{"href":"https:\/\/vip.plwdesign.online\/index.php?rest_route=\/wp\/v2\/product\/984","targetHints":{"allow":["GET"]}}],"collection":[{"href":"https:\/\/vip.plwdesign.online\/index.php?rest_route=\/wp\/v2\/product"}],"about":[{"href":"https:\/\/vip.plwdesign.online\/index.php?rest_route=\/wp\/v2\/types\/product"}],"replies":[{"embeddable":true,"href":"https:\/\/vip.plwdesign.online\/index.php?rest_route=%2Fwp%2Fv2%2Fcomments&post=984"}],"version-history":[{"count":1,"href":"https:\/\/vip.plwdesign.online\/index.php?rest_route=\/wp\/v2\/product\/984\/revisions"}],"predecessor-version":[{"id":988,"href":"https:\/\/vip.plwdesign.online\/index.php?rest_route=\/wp\/v2\/product\/984\/revisions\/988"}],"wp:featuredmedia":[{"embeddable":true,"href":"https:\/\/vip.plwdesign.online\/index.php?rest_route=\/wp\/v2\/media\/986"}],"wp:attachment":[{"href":"https:\/\/vip.plwdesign.online\/index.php?rest_route=%2Fwp%2Fv2%2Fmedia&parent=984"}],"wp:term":[{"taxonomy":"product_brand","embeddable":true,"href":"https:\/\/vip.plwdesign.online\/index.php?rest_route=%2Fwp%2Fv2%2Fproduct_brand&post=984"},{"taxonomy":"product_cat","embeddable":true,"href":"https:\/\/vip.plwdesign.online\/index.php?rest_route=%2Fwp%2Fv2%2Fproduct_cat&post=984"},{"taxonomy":"product_tag","embeddable":true,"href":"https:\/\/vip.plwdesign.online\/index.php?rest_route=%2Fwp%2Fv2%2Fproduct_tag&post=984"}],"curies":[{"name":"wp","href":"https:\/\/api.w.org\/{rel}","templated":true}]}}