{"id":9472,"date":"2024-05-13T00:14:30","date_gmt":"2024-05-13T00:14:30","guid":{"rendered":"https:\/\/vip.plwdesign.online\/?post_type=product&#038;p=9472"},"modified":"2024-08-14T18:11:43","modified_gmt":"2024-08-14T18:11:43","slug":"rubi-plano-anual","status":"publish","type":"product","link":"https:\/\/vip.plwdesign.online\/?product=rubi-plano-anual","title":{"rendered":"Plano Profissional &#8211; Anual"},"content":{"rendered":"<p>Este \u00e9 o plano mais completo do nosso clube, com validade de 12 meses. Com ele, voc\u00ea ter\u00e1 acesso a todos os produtos atuais do site e aos novos que s\u00e3o adicionados de forma recorrente, al\u00e9m de receber suporte premium.<\/p>\n","protected":false},"excerpt":{"rendered":"<p>Este plano d\u00e1 acesso a todos os produtos do site; \u00e9 o plano mais completo do nosso clube.<\/p>\n","protected":false},"featured_media":9473,"comment_status":"open","ping_status":"closed","template":"","meta":[],"product_brand":[],"product_cat":[50],"product_tag":[94,550,549],"class_list":{"0":"post-9472","1":"product","2":"type-product","3":"status-publish","4":"has-post-thumbnail","6":"product_cat-planos-de-assinatura","7":"product_tag-completo","8":"product_tag-plano-anual","9":"product_tag-rubi","11":"first","12":"instock","13":"sale","14":"virtual","15":"purchasable","16":"product-type-simple"},"_links":{"self":[{"href":"https:\/\/vip.plwdesign.online\/index.php?rest_route=\/wp\/v2\/product\/9472","targetHints":{"allow":["GET"]}}],"collection":[{"href":"https:\/\/vip.plwdesign.online\/index.php?rest_route=\/wp\/v2\/product"}],"about":[{"href":"https:\/\/vip.plwdesign.online\/index.php?rest_route=\/wp\/v2\/types\/product"}],"replies":[{"embeddable":true,"href":"https:\/\/vip.plwdesign.online\/index.php?rest_route=%2Fwp%2Fv2%2Fcomments&post=9472"}],"version-history":[{"count":5,"href":"https:\/\/vip.plwdesign.online\/index.php?rest_route=\/wp\/v2\/product\/9472\/revisions"}],"predecessor-version":[{"id":12050,"href":"https:\/\/vip.plwdesign.online\/index.php?rest_route=\/wp\/v2\/product\/9472\/revisions\/12050"}],"wp:featuredmedia":[{"embeddable":true,"href":"https:\/\/vip.plwdesign.online\/index.php?rest_route=\/wp\/v2\/media\/9473"}],"wp:attachment":[{"href":"https:\/\/vip.plwdesign.online\/index.php?rest_route=%2Fwp%2Fv2%2Fmedia&parent=9472"}],"wp:term":[{"taxonomy":"product_brand","embeddable":true,"href":"https:\/\/vip.plwdesign.online\/index.php?rest_route=%2Fwp%2Fv2%2Fproduct_brand&post=9472"},{"taxonomy":"product_cat","embeddable":true,"href":"https:\/\/vip.plwdesign.online\/index.php?rest_route=%2Fwp%2Fv2%2Fproduct_cat&post=9472"},{"taxonomy":"product_tag","embeddable":true,"href":"https:\/\/vip.plwdesign.online\/index.php?rest_route=%2Fwp%2Fv2%2Fproduct_tag&post=9472"}],"curies":[{"name":"wp","href":"https:\/\/api.w.org\/{rel}","templated":true}]}}