{"id":9178,"date":"2024-05-06T12:31:40","date_gmt":"2024-05-06T12:31:40","guid":{"rendered":"https:\/\/vip.plwdesign.online\/?post_type=product&#038;p=9178"},"modified":"2026-01-09T12:54:06","modified_gmt":"2026-01-09T12:54:06","slug":"pack-landing-fitness","status":"publish","type":"product","link":"https:\/\/vip.plwdesign.online\/?product=pack-landing-fitness","title":{"rendered":"Pack de Landing Pages &#8211; Nicho Sa\u00fade e Fitness 2024"},"content":{"rendered":"\t\t<div data-elementor-type=\"product-post\" data-elementor-id=\"9178\" class=\"elementor elementor-9178\" data-elementor-post-type=\"product\">\n\t\t\t\t\t\t<section class=\"elementor-section elementor-top-section elementor-element elementor-element-5a93cb75 elementor-section-boxed elementor-section-height-default elementor-section-height-default\" data-id=\"5a93cb75\" data-element_type=\"section\" data-settings=\"{&quot;jet_parallax_layout_list&quot;:[]}\">\n\t\t\t\t\t\t<div class=\"elementor-container elementor-column-gap-default\">\n\t\t\t\t\t<div class=\"elementor-column elementor-col-100 elementor-top-column elementor-element elementor-element-3017048\" data-id=\"3017048\" data-element_type=\"column\">\n\t\t\t<div class=\"elementor-widget-wrap elementor-element-populated\">\n\t\t\t\t\t\t<div class=\"elementor-element elementor-element-26cbba9b elementor-widget elementor-widget-heading\" data-id=\"26cbba9b\" data-element_type=\"widget\" data-widget_type=\"heading.default\">\n\t\t\t\t<div class=\"elementor-widget-container\">\n\t\t\t<h2 class=\"elementor-heading-title elementor-size-default\">Pack de Landing Pages - Nicho Sa\u00fade e Fitness 2024<\/h2>\t\t<\/div>\n\t\t\t\t<\/div>\n\t\t\t\t<div class=\"elementor-element elementor-element-752b4e5f elementor-widget elementor-widget-text-editor\" data-id=\"752b4e5f\" data-element_type=\"widget\" data-widget_type=\"text-editor.default\">\n\t\t\t\t<div class=\"elementor-widget-container\">\n\t\t\t\t\t\t\t<p style=\"text-align: center;\">Obtenha nosso Pack de Landing Pages para o nicho de Sa\u00fade e Fitness 2024, projetado para impulsionar suas campanhas com designs modernos e conte\u00fado cativante.<\/p>\t\t\t\t\t\t<\/div>\n\t\t\t\t<\/div>\n\t\t\t\t<div class=\"elementor-element elementor-element-7e181b6a elementor-alert-info elementor-widget elementor-widget-alert\" data-id=\"7e181b6a\" data-element_type=\"widget\" data-widget_type=\"alert.default\">\n\t\t\t\t<div class=\"elementor-widget-container\">\n\t\t\t\t\t<div class=\"elementor-alert\" role=\"alert\">\n\n\t\t\t\t\t\t<span class=\"elementor-alert-title\"><center>Conte\u00fado exclusivo para membros<center><\/span>\n\t\t\t\n\t\t\t\t\t\t<span class=\"elementor-alert-description\">Para acessar este conte\u00fado, \u00e9 necess\u00e1rio se tornar um membro.<\/span>\n\t\t\t\n\t\t\t\t\t\t<button type=\"button\" class=\"elementor-alert-dismiss\">\n\t\t\t\t\t\t\t\t\t<span aria-hidden=\"true\">&times;<\/span>\n\t\t\t\t\t\t\t\t<span class=\"elementor-screen-only\">Dispensar este alerta.<\/span>\n\t\t\t<\/button>\n\t\t\t\n\t\t<\/div>\n\t\t\t\t<\/div>\n\t\t\t\t<\/div>\n\t\t\t\t\t<\/div>\n\t\t<\/div>\n\t\t\t\t\t<\/div>\n\t\t<\/section>\n\t\t\t\t<section class=\"elementor-section elementor-top-section elementor-element elementor-element-fcfd0b8 elementor-section-boxed elementor-section-height-default elementor-section-height-default\" data-id=\"fcfd0b8\" data-element_type=\"section\" data-settings=\"{&quot;jet_parallax_layout_list&quot;:[]}\">\n\t\t\t\t\t\t<div class=\"elementor-container elementor-column-gap-default\">\n\t\t\t\t\t<div class=\"elementor-column elementor-col-100 elementor-top-column elementor-element elementor-element-94d0ffb\" data-id=\"94d0ffb\" data-element_type=\"column\">\n\t\t\t<div class=\"elementor-widget-wrap elementor-element-populated\">\n\t\t\t\t\t\t<div class=\"elementor-element elementor-element-a9c9434 elementor-widget elementor-widget-heading\" data-id=\"a9c9434\" data-element_type=\"widget\" data-widget_type=\"heading.default\">\n\t\t\t\t<div class=\"elementor-widget-container\">\n\t\t\t<h2 class=\"elementor-heading-title elementor-size-default\">Demonstra\u00e7\u00e3o Online<\/h2>\t\t<\/div>\n\t\t\t\t<\/div>\n\t\t\t\t<div class=\"elementor-element elementor-element-359d8dc elementor-widget elementor-widget-html\" data-id=\"359d8dc\" data-element_type=\"widget\" data-widget_type=\"html.default\">\n\t\t\t\t<div class=\"elementor-widget-container\">\n\t\t\t<!DOCTYPE html>\r\n<html lang=\"en\">\r\n<head>\r\n<meta charset=\"UTF-8\">\r\n<meta name=\"viewport\" content=\"width=device-width, initial-scale=1.0\">\r\n<title>Demo Buttons<\/title>\r\n<style>\r\n  .button-container {\r\n    text-align: center;\r\n    margin-top: 20px;\r\n  }\r\n  .demo-button {\r\n    display: inline-block;\r\n    background-color: black;\r\n    color: white;\r\n    padding: 10px 20px;\r\n    text-decoration: none;\r\n    margin: 0 10px;\r\n    border-radius: 5px;\r\n  }\r\n<\/style>\r\n<\/head>\r\n<body>\r\n  <div class=\"button-container\">\r\n    <a href=\"https:\/\/landingpage.digitaleliteclub.online\/dieta-fitness\/\" class=\"demo-button\">Demo 1<\/a>\r\n    <a href=\"https:\/\/landingpage.digitaleliteclub.online\/receitas-fit\/\" class=\"demo-button\">Demo 2<\/a>\r\n  <\/div>\r\n<\/body>\r\n<\/html>\r\n\t\t<\/div>\n\t\t\t\t<\/div>\n\t\t\t\t\t<\/div>\n\t\t<\/div>\n\t\t\t\t\t<\/div>\n\t\t<\/section>\n\t\t\t\t<section class=\"elementor-section elementor-top-section elementor-element elementor-element-33f48492 elementor-section-boxed elementor-section-height-default elementor-section-height-default\" data-id=\"33f48492\" data-element_type=\"section\" data-settings=\"{&quot;jet_parallax_layout_list&quot;:[]}\">\n\t\t\t\t\t\t<div class=\"elementor-container elementor-column-gap-default\">\n\t\t\t\t\t<div class=\"elementor-column elementor-col-50 elementor-top-column elementor-element elementor-element-5f652872\" data-id=\"5f652872\" data-element_type=\"column\">\n\t\t\t<div class=\"elementor-widget-wrap elementor-element-populated\">\n\t\t\t\t\t\t<div class=\"elementor-element elementor-element-9eac9a elementor-widget elementor-widget-image\" data-id=\"9eac9a\" data-element_type=\"widget\" data-widget_type=\"image.default\">\n\t\t\t\t<div class=\"elementor-widget-container\">\n\t\t\t\t\t\t\t\t\t\t\t\t\t<img fetchpriority=\"high\" decoding=\"async\" width=\"800\" height=\"531\" src=\"https:\/\/vip.plwdesign.online\/wp-content\/uploads\/2023\/10\/Pastel-Pink-Illustrated-Alert-Notification-Business-YouTube-Thumbnail-2-1200x797.png\" class=\"attachment-large size-large wp-image-3808\" alt=\"\" srcset=\"https:\/\/vip.plwdesign.online\/wp-content\/uploads\/2023\/10\/Pastel-Pink-Illustrated-Alert-Notification-Business-YouTube-Thumbnail-2-1200x797.png 1200w, https:\/\/vip.plwdesign.online\/wp-content\/uploads\/2023\/10\/Pastel-Pink-Illustrated-Alert-Notification-Business-YouTube-Thumbnail-2-700x465.png 700w, https:\/\/vip.plwdesign.online\/wp-content\/uploads\/2023\/10\/Pastel-Pink-Illustrated-Alert-Notification-Business-YouTube-Thumbnail-2-360x240.png 360w, https:\/\/vip.plwdesign.online\/wp-content\/uploads\/2023\/10\/Pastel-Pink-Illustrated-Alert-Notification-Business-YouTube-Thumbnail-2-768x510.png 768w, https:\/\/vip.plwdesign.online\/wp-content\/uploads\/2023\/10\/Pastel-Pink-Illustrated-Alert-Notification-Business-YouTube-Thumbnail-2-600x398.png 600w, https:\/\/vip.plwdesign.online\/wp-content\/uploads\/2023\/10\/Pastel-Pink-Illustrated-Alert-Notification-Business-YouTube-Thumbnail-2-300x199.png 300w, https:\/\/vip.plwdesign.online\/wp-content\/uploads\/2023\/10\/Pastel-Pink-Illustrated-Alert-Notification-Business-YouTube-Thumbnail-2-1024x680.png 1024w, https:\/\/vip.plwdesign.online\/wp-content\/uploads\/2023\/10\/Pastel-Pink-Illustrated-Alert-Notification-Business-YouTube-Thumbnail-2.png 1280w\" sizes=\"(max-width: 800px) 100vw, 800px\" \/>\t\t\t\t\t\t\t\t\t\t\t\t\t<\/div>\n\t\t\t\t<\/div>\n\t\t\t\t\t<\/div>\n\t\t<\/div>\n\t\t\t\t<div class=\"elementor-column elementor-col-50 elementor-top-column elementor-element elementor-element-4b20781\" data-id=\"4b20781\" data-element_type=\"column\">\n\t\t\t<div class=\"elementor-widget-wrap elementor-element-populated\">\n\t\t\t\t\t\t<div class=\"elementor-element elementor-element-1f56799a elementor-widget elementor-widget-progress\" data-id=\"1f56799a\" data-element_type=\"widget\" data-widget_type=\"progress.default\">\n\t\t\t\t<div class=\"elementor-widget-container\">\n\t\t\t\t\t\t<span class=\"elementor-title\" id=\"elementor-progress-bar-1f56799a\">\n\t\t\t\tDiamond\/Rubi\t\t\t<\/span>\n\t\t\n\t\t<div aria-labelledby=\"elementor-progress-bar-1f56799a\" class=\"elementor-progress-wrapper\" role=\"progressbar\" aria-valuemin=\"0\" aria-valuemax=\"100\" aria-valuenow=\"100\" aria-valuetext=\"100% (Templates)\">\n\t\t\t<div class=\"elementor-progress-bar\" data-max=\"100\">\n\t\t\t\t<span class=\"elementor-progress-text\">Templates<\/span>\n\t\t\t\t\t\t\t\t\t<span class=\"elementor-progress-percentage\">100%<\/span>\n\t\t\t\t\t\t\t<\/div>\n\t\t<\/div>\n\t\t\t\t<\/div>\n\t\t\t\t<\/div>\n\t\t\t\t<div class=\"elementor-element elementor-element-27c8784a elementor-widget elementor-widget-progress\" data-id=\"27c8784a\" data-element_type=\"widget\" data-widget_type=\"progress.default\">\n\t\t\t\t<div class=\"elementor-widget-container\">\n\t\t\t\t\t\t<span class=\"elementor-title\" id=\"elementor-progress-bar-27c8784a\">\n\t\t\t\tGold\t\t\t<\/span>\n\t\t\n\t\t<div aria-labelledby=\"elementor-progress-bar-27c8784a\" class=\"elementor-progress-wrapper\" role=\"progressbar\" aria-valuemin=\"0\" aria-valuemax=\"100\" aria-valuenow=\"100\" aria-valuetext=\"100% (Templates)\">\n\t\t\t<div class=\"elementor-progress-bar\" data-max=\"100\">\n\t\t\t\t<span class=\"elementor-progress-text\">Templates<\/span>\n\t\t\t\t\t\t\t\t\t<span class=\"elementor-progress-percentage\">100%<\/span>\n\t\t\t\t\t\t\t<\/div>\n\t\t<\/div>\n\t\t\t\t<\/div>\n\t\t\t\t<\/div>\n\t\t\t\t<div class=\"elementor-element elementor-element-78440390 elementor-widget elementor-widget-progress\" data-id=\"78440390\" data-element_type=\"widget\" data-widget_type=\"progress.default\">\n\t\t\t\t<div class=\"elementor-widget-container\">\n\t\t\t\t\t\t<span class=\"elementor-title\" id=\"elementor-progress-bar-78440390\">\n\t\t\t\tSilver\t\t\t<\/span>\n\t\t\n\t\t<div aria-labelledby=\"elementor-progress-bar-78440390\" class=\"elementor-progress-wrapper\" role=\"progressbar\" aria-valuemin=\"0\" aria-valuemax=\"100\" aria-valuenow=\"100\" aria-valuetext=\"100% (Templates)\">\n\t\t\t<div class=\"elementor-progress-bar\" data-max=\"100\">\n\t\t\t\t<span class=\"elementor-progress-text\">Templates<\/span>\n\t\t\t\t\t\t\t\t\t<span class=\"elementor-progress-percentage\">100%<\/span>\n\t\t\t\t\t\t\t<\/div>\n\t\t<\/div>\n\t\t\t\t<\/div>\n\t\t\t\t<\/div>\n\t\t\t\t<div class=\"elementor-element elementor-element-798985a7 elementor-widget elementor-widget-progress\" data-id=\"798985a7\" data-element_type=\"widget\" data-widget_type=\"progress.default\">\n\t\t\t\t<div class=\"elementor-widget-container\">\n\t\t\t\t\t\t<span class=\"elementor-title\" id=\"elementor-progress-bar-798985a7\">\n\t\t\t\tBronze\t\t\t<\/span>\n\t\t\n\t\t<div aria-labelledby=\"elementor-progress-bar-798985a7\" class=\"elementor-progress-wrapper\" role=\"progressbar\" aria-valuemin=\"0\" aria-valuemax=\"100\" aria-valuenow=\"100\" aria-valuetext=\"100% (Templates)\">\n\t\t\t<div class=\"elementor-progress-bar\" data-max=\"100\">\n\t\t\t\t<span class=\"elementor-progress-text\">Templates<\/span>\n\t\t\t\t\t\t\t\t\t<span class=\"elementor-progress-percentage\">100%<\/span>\n\t\t\t\t\t\t\t<\/div>\n\t\t<\/div>\n\t\t\t\t<\/div>\n\t\t\t\t<\/div>\n\t\t\t\t\t<\/div>\n\t\t<\/div>\n\t\t\t\t\t<\/div>\n\t\t<\/section>\n\t\t\t\t<section class=\"elementor-section elementor-top-section elementor-element elementor-element-317d6de8 elementor-section-boxed elementor-section-height-default elementor-section-height-default\" data-id=\"317d6de8\" data-element_type=\"section\" data-settings=\"{&quot;jet_parallax_layout_list&quot;:[]}\">\n\t\t\t\t\t\t<div class=\"elementor-container elementor-column-gap-default\">\n\t\t\t\t\t<div class=\"elementor-column elementor-col-100 elementor-top-column elementor-element elementor-element-5c1ee103\" data-id=\"5c1ee103\" data-element_type=\"column\">\n\t\t\t<div class=\"elementor-widget-wrap elementor-element-populated\">\n\t\t\t\t\t\t<div class=\"elementor-element elementor-element-397e1e4 elementor-widget elementor-widget-heading\" data-id=\"397e1e4\" data-element_type=\"widget\" data-widget_type=\"heading.default\">\n\t\t\t\t<div class=\"elementor-widget-container\">\n\t\t\t<h2 class=\"elementor-heading-title elementor-size-default\">Muitas fun\u00e7\u00f5es para voc\u00ea gerenciar o seus Templates<\/h2>\t\t<\/div>\n\t\t\t\t<\/div>\n\t\t\t\t\t<\/div>\n\t\t<\/div>\n\t\t\t\t\t<\/div>\n\t\t<\/section>\n\t\t\t\t<section class=\"elementor-section elementor-top-section elementor-element elementor-element-545ddf82 elementor-section-boxed elementor-section-height-default elementor-section-height-default\" data-id=\"545ddf82\" data-element_type=\"section\" data-settings=\"{&quot;jet_parallax_layout_list&quot;:[]}\">\n\t\t\t\t\t\t<div class=\"elementor-container elementor-column-gap-default\">\n\t\t\t\t\t<div class=\"elementor-column elementor-col-50 elementor-top-column elementor-element elementor-element-14a278c\" data-id=\"14a278c\" data-element_type=\"column\">\n\t\t\t<div class=\"elementor-widget-wrap elementor-element-populated\">\n\t\t\t\t\t\t<div class=\"elementor-element elementor-element-38c76381 elementor-widget elementor-widget-heading\" data-id=\"38c76381\" data-element_type=\"widget\" data-widget_type=\"heading.default\">\n\t\t\t\t<div class=\"elementor-widget-container\">\n\t\t\t<h2 class=\"elementor-heading-title elementor-size-default\">V\u00eddeo Review \ud83d\udd25<\/h2>\t\t<\/div>\n\t\t\t\t<\/div>\n\t\t\t\t<div class=\"elementor-element elementor-element-4039ecc0 elementor-widget elementor-widget-image\" data-id=\"4039ecc0\" data-element_type=\"widget\" data-widget_type=\"image.default\">\n\t\t\t\t<div class=\"elementor-widget-container\">\n\t\t\t\t\t\t\t\t\t\t\t\t\t<img decoding=\"async\" width=\"800\" height=\"450\" src=\"https:\/\/vip.plwdesign.online\/wp-content\/uploads\/2024\/04\/Copia-de-Thumbnail-clickbait-dinheiro-youtube-1200x675.png\" class=\"attachment-large size-large wp-image-7895\" alt=\"\" srcset=\"https:\/\/vip.plwdesign.online\/wp-content\/uploads\/2024\/04\/Copia-de-Thumbnail-clickbait-dinheiro-youtube-1200x675.png 1200w, https:\/\/vip.plwdesign.online\/wp-content\/uploads\/2024\/04\/Copia-de-Thumbnail-clickbait-dinheiro-youtube-700x394.png 700w, https:\/\/vip.plwdesign.online\/wp-content\/uploads\/2024\/04\/Copia-de-Thumbnail-clickbait-dinheiro-youtube-768x432.png 768w, https:\/\/vip.plwdesign.online\/wp-content\/uploads\/2024\/04\/Copia-de-Thumbnail-clickbait-dinheiro-youtube-1536x864.png 1536w, https:\/\/vip.plwdesign.online\/wp-content\/uploads\/2024\/04\/Copia-de-Thumbnail-clickbait-dinheiro-youtube-600x338.png 600w, https:\/\/vip.plwdesign.online\/wp-content\/uploads\/2024\/04\/Copia-de-Thumbnail-clickbait-dinheiro-youtube-300x169.png 300w, https:\/\/vip.plwdesign.online\/wp-content\/uploads\/2024\/04\/Copia-de-Thumbnail-clickbait-dinheiro-youtube-1024x576.png 1024w, https:\/\/vip.plwdesign.online\/wp-content\/uploads\/2024\/04\/Copia-de-Thumbnail-clickbait-dinheiro-youtube.png 1920w\" sizes=\"(max-width: 800px) 100vw, 800px\" \/>\t\t\t\t\t\t\t\t\t\t\t\t\t<\/div>\n\t\t\t\t<\/div>\n\t\t\t\t\t<\/div>\n\t\t<\/div>\n\t\t\t\t<div class=\"elementor-column elementor-col-50 elementor-top-column elementor-element elementor-element-46298e3a\" data-id=\"46298e3a\" data-element_type=\"column\">\n\t\t\t<div class=\"elementor-widget-wrap elementor-element-populated\">\n\t\t\t\t\t\t<div class=\"elementor-element elementor-element-4116fd0c elementor-widget elementor-widget-toggle\" data-id=\"4116fd0c\" data-element_type=\"widget\" data-widget_type=\"toggle.default\">\n\t\t\t\t<div class=\"elementor-widget-container\">\n\t\t\t\t\t<div class=\"elementor-toggle\">\n\t\t\t\t\t\t\t<div class=\"elementor-toggle-item\">\n\t\t\t\t\t<div id=\"elementor-tab-title-1091\" class=\"elementor-tab-title\" data-tab=\"1\" role=\"button\" aria-controls=\"elementor-tab-content-1091\" aria-expanded=\"false\">\n\t\t\t\t\t\t\t\t\t\t\t\t<span class=\"elementor-toggle-icon elementor-toggle-icon-left\" aria-hidden=\"true\">\n\t\t\t\t\t\t\t\t\t\t\t\t\t\t\t<span class=\"elementor-toggle-icon-closed\"><i class=\"fas fa-caret-right\"><\/i><\/span>\n\t\t\t\t\t\t\t\t<span class=\"elementor-toggle-icon-opened\"><i class=\"elementor-toggle-icon-opened fas fa-caret-up\"><\/i><\/span>\n\t\t\t\t\t\t\t\t\t\t\t\t\t<\/span>\n\t\t\t\t\t\t\t\t\t\t\t\t<a class=\"elementor-toggle-title\" tabindex=\"0\">Profissionalismo e Qualidade<\/a>\n\t\t\t\t\t<\/div>\n\n\t\t\t\t\t<div id=\"elementor-tab-content-1091\" class=\"elementor-tab-content elementor-clearfix\" data-tab=\"1\" role=\"region\" aria-labelledby=\"elementor-tab-title-1091\"><p>Os templates WordPress s\u00e3o desenvolvidos por designers e desenvolvedores profissionais, garantindo alta qualidade, funcionalidade e desempenho. Eles s\u00e3o cuidadosamente projetados para oferecer uma apar\u00eancia profissional e uma experi\u00eancia do usu\u00e1rio agrad\u00e1vel.<\/p><\/div>\n\t\t\t\t<\/div>\n\t\t\t\t\t\t\t<div class=\"elementor-toggle-item\">\n\t\t\t\t\t<div id=\"elementor-tab-title-1092\" class=\"elementor-tab-title\" data-tab=\"2\" role=\"button\" aria-controls=\"elementor-tab-content-1092\" aria-expanded=\"false\">\n\t\t\t\t\t\t\t\t\t\t\t\t<span class=\"elementor-toggle-icon elementor-toggle-icon-left\" aria-hidden=\"true\">\n\t\t\t\t\t\t\t\t\t\t\t\t\t\t\t<span class=\"elementor-toggle-icon-closed\"><i class=\"fas fa-caret-right\"><\/i><\/span>\n\t\t\t\t\t\t\t\t<span class=\"elementor-toggle-icon-opened\"><i class=\"elementor-toggle-icon-opened fas fa-caret-up\"><\/i><\/span>\n\t\t\t\t\t\t\t\t\t\t\t\t\t<\/span>\n\t\t\t\t\t\t\t\t\t\t\t\t<a class=\"elementor-toggle-title\" tabindex=\"0\">Facilidade de Personaliza\u00e7\u00e3o<\/a>\n\t\t\t\t\t<\/div>\n\n\t\t\t\t\t<div id=\"elementor-tab-content-1092\" class=\"elementor-tab-content elementor-clearfix\" data-tab=\"2\" role=\"region\" aria-labelledby=\"elementor-tab-title-1092\"><p>Muitos templates s\u00e3o altamente personaliz\u00e1veis, permitindo que voc\u00ea adapte o design, cores, tipografia e layout de acordo com suas prefer\u00eancias e necessidades espec\u00edficas. Isso oferece flexibilidade para criar um site que reflita a identidade da sua marca ou projeto.<\/p><\/div>\n\t\t\t\t<\/div>\n\t\t\t\t\t\t\t<div class=\"elementor-toggle-item\">\n\t\t\t\t\t<div id=\"elementor-tab-title-1093\" class=\"elementor-tab-title\" data-tab=\"3\" role=\"button\" aria-controls=\"elementor-tab-content-1093\" aria-expanded=\"false\">\n\t\t\t\t\t\t\t\t\t\t\t\t<span class=\"elementor-toggle-icon elementor-toggle-icon-left\" aria-hidden=\"true\">\n\t\t\t\t\t\t\t\t\t\t\t\t\t\t\t<span class=\"elementor-toggle-icon-closed\"><i class=\"fas fa-caret-right\"><\/i><\/span>\n\t\t\t\t\t\t\t\t<span class=\"elementor-toggle-icon-opened\"><i class=\"elementor-toggle-icon-opened fas fa-caret-up\"><\/i><\/span>\n\t\t\t\t\t\t\t\t\t\t\t\t\t<\/span>\n\t\t\t\t\t\t\t\t\t\t\t\t<a class=\"elementor-toggle-title\" tabindex=\"0\">Economia de Tempo e Recursos<\/a>\n\t\t\t\t\t<\/div>\n\n\t\t\t\t\t<div id=\"elementor-tab-content-1093\" class=\"elementor-tab-content elementor-clearfix\" data-tab=\"3\" role=\"region\" aria-labelledby=\"elementor-tab-title-1093\"><p>Utilizar um template pode economizar tempo e recursos significativos em compara\u00e7\u00e3o com o desenvolvimento de um site totalmente personalizado. Com uma estrutura pronta, voc\u00ea pode lan\u00e7ar seu site mais rapidamente e focar seus esfor\u00e7os em outras \u00e1reas importantes do seu projeto, como conte\u00fado e marketing.<\/p><\/div>\n\t\t\t\t<\/div>\n\t\t\t\t\t\t\t\t<\/div>\n\t\t\t\t<\/div>\n\t\t\t\t<\/div>\n\t\t\t\t\t<\/div>\n\t\t<\/div>\n\t\t\t\t\t<\/div>\n\t\t<\/section>\n\t\t\t\t<section class=\"elementor-section elementor-top-section elementor-element elementor-element-4bd9480e elementor-section-boxed elementor-section-height-default elementor-section-height-default\" data-id=\"4bd9480e\" data-element_type=\"section\" data-settings=\"{&quot;jet_parallax_layout_list&quot;:[]}\">\n\t\t\t\t\t\t<div class=\"elementor-container elementor-column-gap-default\">\n\t\t\t\t\t<div class=\"elementor-column elementor-col-100 elementor-top-column elementor-element elementor-element-5f44fd7e\" data-id=\"5f44fd7e\" data-element_type=\"column\">\n\t\t\t<div class=\"elementor-widget-wrap elementor-element-populated\">\n\t\t\t\t\t\t<div class=\"elementor-element elementor-element-3d79f04f elementor-widget elementor-widget-heading\" data-id=\"3d79f04f\" data-element_type=\"widget\" data-widget_type=\"heading.default\">\n\t\t\t\t<div class=\"elementor-widget-container\">\n\t\t\t<h2 class=\"elementor-heading-title elementor-size-default\">Perguntas Frequentes<\/h2>\t\t<\/div>\n\t\t\t\t<\/div>\n\t\t\t\t<div class=\"elementor-element elementor-element-74e662 elementor-widget elementor-widget-toggle\" data-id=\"74e662\" data-element_type=\"widget\" data-widget_type=\"toggle.default\">\n\t\t\t\t<div class=\"elementor-widget-container\">\n\t\t\t\t\t<div class=\"elementor-toggle\">\n\t\t\t\t\t\t\t<div class=\"elementor-toggle-item\">\n\t\t\t\t\t<div id=\"elementor-tab-title-7661\" class=\"elementor-tab-title\" data-tab=\"1\" role=\"button\" aria-controls=\"elementor-tab-content-7661\" aria-expanded=\"false\">\n\t\t\t\t\t\t\t\t\t\t\t\t<span class=\"elementor-toggle-icon elementor-toggle-icon-left\" aria-hidden=\"true\">\n\t\t\t\t\t\t\t\t\t\t\t\t\t\t\t<span class=\"elementor-toggle-icon-closed\"><i class=\"fas fa-caret-right\"><\/i><\/span>\n\t\t\t\t\t\t\t\t<span class=\"elementor-toggle-icon-opened\"><i class=\"elementor-toggle-icon-opened fas fa-caret-up\"><\/i><\/span>\n\t\t\t\t\t\t\t\t\t\t\t\t\t<\/span>\n\t\t\t\t\t\t\t\t\t\t\t\t<a class=\"elementor-toggle-title\" tabindex=\"0\">O produto \u00e9 atualizado com frequ\u00eancia?<\/a>\n\t\t\t\t\t<\/div>\n\n\t\t\t\t\t<div id=\"elementor-tab-content-7661\" class=\"elementor-tab-content elementor-clearfix\" data-tab=\"1\" role=\"region\" aria-labelledby=\"elementor-tab-title-7661\"><p>Sim, atualizamos nossos produtos com frequ\u00eancia para garantir que ele esteja sempre atualizado e em conformidade com as \u00faltimas tend\u00eancias e recursos. Al\u00e9m disso, todas as atualiza\u00e7\u00f5es s\u00e3o gratuitas.<\/p><\/div>\n\t\t\t\t<\/div>\n\t\t\t\t\t\t\t\t<\/div>\n\t\t\t\t<\/div>\n\t\t\t\t<\/div>\n\t\t\t\t<div class=\"elementor-element elementor-element-47ecbda elementor-widget elementor-widget-heading\" data-id=\"47ecbda\" data-element_type=\"widget\" data-widget_type=\"heading.default\">\n\t\t\t\t<div class=\"elementor-widget-container\">\n\t\t\t<h2 class=\"elementor-heading-title elementor-size-default\">Atualiza\u00e7\u00f5es<\/h2>\t\t<\/div>\n\t\t\t\t<\/div>\n\t\t\t\t<div class=\"elementor-element elementor-element-56a2689d elementor-widget elementor-widget-text-editor\" data-id=\"56a2689d\" data-element_type=\"widget\" data-widget_type=\"text-editor.default\">\n\t\t\t\t<div class=\"elementor-widget-container\">\n\t\t\t\t\t\t\t<h4><span style=\"color: #000000;\">Atualiza\u00e7\u00f5es \u2705 06\/05\/2024<\/span><\/h4><ul><li class=\"a-b-r-La\"><span style=\"color: #000000;\">Lan\u00e7amento do Produto<\/span><\/li><\/ul>\t\t\t\t\t\t<\/div>\n\t\t\t\t<\/div>\n\t\t\t\t\t<\/div>\n\t\t<\/div>\n\t\t\t\t\t<\/div>\n\t\t<\/section>\n\t\t\t\t<\/div>\n\t\t","protected":false},"excerpt":{"rendered":"<p>Obtenha nosso Pack de Landing Pages para o nicho de Sa\u00fade e Fitness 2024, projetado para impulsionar suas campanhas com designs modernos e conte\u00fado cativante.<\/p>\n","protected":false},"featured_media":9183,"comment_status":"open","ping_status":"closed","template":"","meta":[],"product_brand":[],"product_cat":[44],"product_tag":[220,90,397,47],"class_list":{"0":"post-9178","1":"product","2":"type-product","3":"status-publish","4":"has-post-thumbnail","6":"product_cat-scripts-php","7":"product_tag-elementor","8":"product_tag-packs","9":"product_tag-templates","10":"product_tag-wordpress","11":"membership-content","12":"purchase-restricted","14":"first","15":"instock","16":"sale","17":"downloadable","18":"virtual","19":"product-type-simple"},"_links":{"self":[{"href":"https:\/\/vip.plwdesign.online\/index.php?rest_route=\/wp\/v2\/product\/9178","targetHints":{"allow":["GET"]}}],"collection":[{"href":"https:\/\/vip.plwdesign.online\/index.php?rest_route=\/wp\/v2\/product"}],"about":[{"href":"https:\/\/vip.plwdesign.online\/index.php?rest_route=\/wp\/v2\/types\/product"}],"replies":[{"embeddable":true,"href":"https:\/\/vip.plwdesign.online\/index.php?rest_route=%2Fwp%2Fv2%2Fcomments&post=9178"}],"version-history":[{"count":7,"href":"https:\/\/vip.plwdesign.online\/index.php?rest_route=\/wp\/v2\/product\/9178\/revisions"}],"predecessor-version":[{"id":9191,"href":"https:\/\/vip.plwdesign.online\/index.php?rest_route=\/wp\/v2\/product\/9178\/revisions\/9191"}],"wp:featuredmedia":[{"embeddable":true,"href":"https:\/\/vip.plwdesign.online\/index.php?rest_route=\/wp\/v2\/media\/9183"}],"wp:attachment":[{"href":"https:\/\/vip.plwdesign.online\/index.php?rest_route=%2Fwp%2Fv2%2Fmedia&parent=9178"}],"wp:term":[{"taxonomy":"product_brand","embeddable":true,"href":"https:\/\/vip.plwdesign.online\/index.php?rest_route=%2Fwp%2Fv2%2Fproduct_brand&post=9178"},{"taxonomy":"product_cat","embeddable":true,"href":"https:\/\/vip.plwdesign.online\/index.php?rest_route=%2Fwp%2Fv2%2Fproduct_cat&post=9178"},{"taxonomy":"product_tag","embeddable":true,"href":"https:\/\/vip.plwdesign.online\/index.php?rest_route=%2Fwp%2Fv2%2Fproduct_tag&post=9178"}],"curies":[{"name":"wp","href":"https:\/\/api.w.org\/{rel}","templated":true}]}}