{"id":3205,"date":"2023-10-05T19:18:56","date_gmt":"2023-10-05T19:18:56","guid":{"rendered":"https:\/\/vip.plwdesign.online\/?post_type=product&#038;p=3205"},"modified":"2024-10-28T10:51:53","modified_gmt":"2024-10-28T10:51:53","slug":"script-para-portal-de-noticias-web-news-2023","status":"publish","type":"product","link":"https:\/\/vip.plwdesign.online\/?product=script-para-portal-de-noticias-web-news-2023","title":{"rendered":"Script para Portal de Not\u00edcias WEB NEWS WordPress e Elementor 2023"},"content":{"rendered":"\t\t<div data-elementor-type=\"product-post\" data-elementor-id=\"3205\" class=\"elementor elementor-3205\" data-elementor-post-type=\"product\">\n\t\t\t\t\t\t<section class=\"elementor-section elementor-top-section elementor-element elementor-element-2650bc86 elementor-section-boxed elementor-section-height-default elementor-section-height-default\" data-id=\"2650bc86\" data-element_type=\"section\" data-settings=\"{&quot;jet_parallax_layout_list&quot;:[]}\">\n\t\t\t\t\t\t<div class=\"elementor-container elementor-column-gap-default\">\n\t\t\t\t\t<div class=\"elementor-column elementor-col-100 elementor-top-column elementor-element elementor-element-7cb897eb\" data-id=\"7cb897eb\" data-element_type=\"column\">\n\t\t\t<div class=\"elementor-widget-wrap elementor-element-populated\">\n\t\t\t\t\t\t<div class=\"elementor-element elementor-element-464cc079 elementor-widget elementor-widget-heading\" data-id=\"464cc079\" data-element_type=\"widget\" data-widget_type=\"heading.default\">\n\t\t\t\t<div class=\"elementor-widget-container\">\n\t\t\t<h2 class=\"elementor-heading-title elementor-size-default\">Construa seu Portal de Not\u00edcias Profissional em Minutos com WordPress<\/h2>\t\t<\/div>\n\t\t\t\t<\/div>\n\t\t\t\t<div class=\"elementor-element elementor-element-5547830 elementor-widget elementor-widget-text-editor\" data-id=\"5547830\" data-element_type=\"widget\" data-widget_type=\"text-editor.default\">\n\t\t\t\t<div class=\"elementor-widget-container\">\n\t\t\t\t\t\t\t<p style=\"text-align: center;\">Deseja um site de not\u00edcias profissional e rent\u00e1vel? Nosso script permite criar portais de not\u00edcias responsivos, monetiz\u00e1veis com o Google AdSense e de f\u00e1cil revenda, com 100% de lucro para voc\u00ea. Comece a construir seu imp\u00e9rio de not\u00edcias online agora!<\/p><p style=\"text-align: center;\">\u00d3timo site em WordPress para Loja com layout responsivo com diversos recursos. Site ideal para qualquer nicho, not\u00edcias, blog, viagens, culin\u00e1ria&#8230; Com um design moderno e atraente, este template oferece tudo o que voc\u00ea precisa para ter um site de not\u00edcias profissional em poucos minutos.<\/p>\t\t\t\t\t\t<\/div>\n\t\t\t\t<\/div>\n\t\t\t\t<div class=\"elementor-element elementor-element-5dca76f2 elementor-widget elementor-widget-heading\" data-id=\"5dca76f2\" data-element_type=\"widget\" data-widget_type=\"heading.default\">\n\t\t\t\t<div class=\"elementor-widget-container\">\n\t\t\t<h2 class=\"elementor-heading-title elementor-size-default\">Demonstra\u00e7\u00e3o Online <img decoding=\"async\" role=\"img\" class=\"emoji\" alt=\"\ud83d\udd25\" src=\"https:\/\/s.w.org\/images\/core\/emoji\/14.0.0\/svg\/1f525.svg\"><\/h2>\t\t<\/div>\n\t\t\t\t<\/div>\n\t\t\t\t<div class=\"elementor-element elementor-element-1678c557 elementor-widget elementor-widget-text-editor\" data-id=\"1678c557\" data-element_type=\"widget\" data-widget_type=\"text-editor.default\">\n\t\t\t\t<div class=\"elementor-widget-container\">\n\t\t\t\t\t\t\t<div class=\"meu-botao-container\">\n    <a class=\"meu-botao frontend\" href=\"https:\/\/portaldenoticias.digitaleliteclub.online\/\">FrontEnd<\/a>\n    <a class=\"meu-botao backend\" href=\"https:\/\/portaldenoticias.digitaleliteclub.online\/wp-admin\/\">Backend<\/a>\n<\/div>\n\n<style>\n.meu-botao-container {\n    display: flex;\n    justify-content: center;\n}\n\n.meu-botao {\n    display: inline-block;\n    padding: 10px 20px;\n    background-color: #000;\n    color: #fff;\n    text-decoration: none;\n    border-radius: 5px;\n    font-size: 16px;\n    font-weight: bold;\n    transition: background-color 0.3s, color 0.3s;\n    margin: 0 10px;\n}\n\n.meu-botao:hover {\n    background-color: #fff;\n    color: #000;\n}\n<\/style>\n\t\t\t\t\t\t<\/div>\n\t\t\t\t<\/div>\n\t\t\t\t<div class=\"elementor-element elementor-element-52f19ef1 elementor-widget elementor-widget-text-editor\" data-id=\"52f19ef1\" data-element_type=\"widget\" data-widget_type=\"text-editor.default\">\n\t\t\t\t<div class=\"elementor-widget-container\">\n\t\t\t\t\t\t\t<p style=\"text-align: center;\"><strong><a href=\"https:\/\/wa.me\/5541998608485\" target=\"_blank\" rel=\"noopener\">Solicitar login e senha<\/a><\/strong><\/p>\t\t\t\t\t\t<\/div>\n\t\t\t\t<\/div>\n\t\t\t\t<div class=\"elementor-element elementor-element-d0349f3 elementor-alert-info elementor-widget elementor-widget-alert\" data-id=\"d0349f3\" data-element_type=\"widget\" data-widget_type=\"alert.default\">\n\t\t\t\t<div class=\"elementor-widget-container\">\n\t\t\t\t\t<div class=\"elementor-alert\" role=\"alert\">\n\n\t\t\t\t\t\t<span class=\"elementor-alert-title\"><center>Conte\u00fado exclusivo para membros<br><\/span>\n\t\t\t\n\t\t\t\t\t\t<span class=\"elementor-alert-description\">Para realizar o download dos produtos deste site, \u00e9 necess\u00e1rio possuir uma associa\u00e7\u00e3o de membro.<\/span>\n\t\t\t\n\t\t\t\t\t\t<button type=\"button\" class=\"elementor-alert-dismiss\">\n\t\t\t\t\t\t\t\t\t<span aria-hidden=\"true\">&times;<\/span>\n\t\t\t\t\t\t\t\t<span class=\"elementor-screen-only\">Dispensar este alerta.<\/span>\n\t\t\t<\/button>\n\t\t\t\n\t\t<\/div>\n\t\t\t\t<\/div>\n\t\t\t\t<\/div>\n\t\t\t\t<div class=\"elementor-element elementor-element-4d21deba elementor-widget elementor-widget-heading\" data-id=\"4d21deba\" data-element_type=\"widget\" data-widget_type=\"heading.default\">\n\t\t\t\t<div class=\"elementor-widget-container\">\n\t\t\t<h2 class=\"elementor-heading-title elementor-size-default\">Muitas fun\u00e7\u00f5es para voc\u00ea gerenciar o seu Portal.<\/h2>\t\t<\/div>\n\t\t\t\t<\/div>\n\t\t\t\t\t<\/div>\n\t\t<\/div>\n\t\t\t\t\t<\/div>\n\t\t<\/section>\n\t\t\t\t<section class=\"elementor-section elementor-top-section elementor-element elementor-element-70adf883 elementor-section-boxed elementor-section-height-default elementor-section-height-default\" data-id=\"70adf883\" data-element_type=\"section\" data-settings=\"{&quot;jet_parallax_layout_list&quot;:[]}\">\n\t\t\t\t\t\t<div class=\"elementor-container elementor-column-gap-default\">\n\t\t\t\t\t<div class=\"elementor-column elementor-col-50 elementor-top-column elementor-element elementor-element-2f376be9\" data-id=\"2f376be9\" data-element_type=\"column\">\n\t\t\t<div class=\"elementor-widget-wrap elementor-element-populated\">\n\t\t\t\t\t\t<div class=\"elementor-element elementor-element-48232d74 elementor-widget elementor-widget-image\" data-id=\"48232d74\" data-element_type=\"widget\" data-widget_type=\"image.default\">\n\t\t\t\t<div class=\"elementor-widget-container\">\n\t\t\t\t\t\t\t\t\t\t\t\t\t<img fetchpriority=\"high\" decoding=\"async\" width=\"451\" height=\"500\" src=\"https:\/\/vip.plwdesign.online\/wp-content\/uploads\/2023\/10\/D_NQ_NP_639965-MLB70702327345_072023-O__1_-removebg-preview.png\" class=\"attachment-large size-large wp-image-3212\" alt=\"\" srcset=\"https:\/\/vip.plwdesign.online\/wp-content\/uploads\/2023\/10\/D_NQ_NP_639965-MLB70702327345_072023-O__1_-removebg-preview.png 451w, https:\/\/vip.plwdesign.online\/wp-content\/uploads\/2023\/10\/D_NQ_NP_639965-MLB70702327345_072023-O__1_-removebg-preview-271x300.png 271w\" sizes=\"(max-width: 451px) 100vw, 451px\" \/>\t\t\t\t\t\t\t\t\t\t\t\t\t<\/div>\n\t\t\t\t<\/div>\n\t\t\t\t\t<\/div>\n\t\t<\/div>\n\t\t\t\t<div class=\"elementor-column elementor-col-50 elementor-top-column elementor-element elementor-element-3f50fdc6\" data-id=\"3f50fdc6\" data-element_type=\"column\">\n\t\t\t<div class=\"elementor-widget-wrap elementor-element-populated\">\n\t\t\t\t\t\t<div class=\"elementor-element elementor-element-11411cb1 elementor-widget elementor-widget-toggle\" data-id=\"11411cb1\" data-element_type=\"widget\" data-widget_type=\"toggle.default\">\n\t\t\t\t<div class=\"elementor-widget-container\">\n\t\t\t\t\t<div class=\"elementor-toggle\">\n\t\t\t\t\t\t\t<div class=\"elementor-toggle-item\">\n\t\t\t\t\t<div id=\"elementor-tab-title-2891\" class=\"elementor-tab-title\" data-tab=\"1\" role=\"button\" aria-controls=\"elementor-tab-content-2891\" aria-expanded=\"false\">\n\t\t\t\t\t\t\t\t\t\t\t\t<span class=\"elementor-toggle-icon elementor-toggle-icon-left\" aria-hidden=\"true\">\n\t\t\t\t\t\t\t\t\t\t\t\t\t\t\t<span class=\"elementor-toggle-icon-closed\"><i class=\"fas fa-caret-right\"><\/i><\/span>\n\t\t\t\t\t\t\t\t<span class=\"elementor-toggle-icon-opened\"><i class=\"elementor-toggle-icon-opened fas fa-caret-up\"><\/i><\/span>\n\t\t\t\t\t\t\t\t\t\t\t\t\t<\/span>\n\t\t\t\t\t\t\t\t\t\t\t\t<a class=\"elementor-toggle-title\" tabindex=\"0\">Painel Administrativo Intuitivo<\/a>\n\t\t\t\t\t<\/div>\n\n\t\t\t\t\t<div id=\"elementor-tab-content-2891\" class=\"elementor-tab-content elementor-clearfix\" data-tab=\"1\" role=\"region\" aria-labelledby=\"elementor-tab-title-2891\"><p>Tenha total controle do seu site com um painel administrativo f\u00e1cil de usar, permitindo que voc\u00ea gerencie conte\u00fado, usu\u00e1rios e configura\u00e7\u00f5es com facilidade.<\/p><\/div>\n\t\t\t\t<\/div>\n\t\t\t\t\t\t\t<div class=\"elementor-toggle-item\">\n\t\t\t\t\t<div id=\"elementor-tab-title-2892\" class=\"elementor-tab-title\" data-tab=\"2\" role=\"button\" aria-controls=\"elementor-tab-content-2892\" aria-expanded=\"false\">\n\t\t\t\t\t\t\t\t\t\t\t\t<span class=\"elementor-toggle-icon elementor-toggle-icon-left\" aria-hidden=\"true\">\n\t\t\t\t\t\t\t\t\t\t\t\t\t\t\t<span class=\"elementor-toggle-icon-closed\"><i class=\"fas fa-caret-right\"><\/i><\/span>\n\t\t\t\t\t\t\t\t<span class=\"elementor-toggle-icon-opened\"><i class=\"elementor-toggle-icon-opened fas fa-caret-up\"><\/i><\/span>\n\t\t\t\t\t\t\t\t\t\t\t\t\t<\/span>\n\t\t\t\t\t\t\t\t\t\t\t\t<a class=\"elementor-toggle-title\" tabindex=\"0\">Compatibilidade com WordPress<\/a>\n\t\t\t\t\t<\/div>\n\n\t\t\t\t\t<div id=\"elementor-tab-content-2892\" class=\"elementor-tab-content elementor-clearfix\" data-tab=\"2\" role=\"region\" aria-labelledby=\"elementor-tab-title-2892\"><p>Nosso servi\u00e7o \u00e9 totalmente compat\u00edvel com o WordPress, a plataforma de gerenciamento de conte\u00fado mais popular, oferecendo estabilidade e seguran\u00e7a.<\/p><\/div>\n\t\t\t\t<\/div>\n\t\t\t\t\t\t\t<div class=\"elementor-toggle-item\">\n\t\t\t\t\t<div id=\"elementor-tab-title-2893\" class=\"elementor-tab-title\" data-tab=\"3\" role=\"button\" aria-controls=\"elementor-tab-content-2893\" aria-expanded=\"false\">\n\t\t\t\t\t\t\t\t\t\t\t\t<span class=\"elementor-toggle-icon elementor-toggle-icon-left\" aria-hidden=\"true\">\n\t\t\t\t\t\t\t\t\t\t\t\t\t\t\t<span class=\"elementor-toggle-icon-closed\"><i class=\"fas fa-caret-right\"><\/i><\/span>\n\t\t\t\t\t\t\t\t<span class=\"elementor-toggle-icon-opened\"><i class=\"elementor-toggle-icon-opened fas fa-caret-up\"><\/i><\/span>\n\t\t\t\t\t\t\t\t\t\t\t\t\t<\/span>\n\t\t\t\t\t\t\t\t\t\t\t\t<a class=\"elementor-toggle-title\" tabindex=\"0\">Inclus\u00e3o do Elementor<\/a>\n\t\t\t\t\t<\/div>\n\n\t\t\t\t\t<div id=\"elementor-tab-content-2893\" class=\"elementor-tab-content elementor-clearfix\" data-tab=\"3\" role=\"region\" aria-labelledby=\"elementor-tab-title-2893\"><p>O Elementor, um dos principais construtores de p\u00e1ginas do WordPress, j\u00e1 est\u00e1 inclu\u00eddo. Crie e personalize p\u00e1ginas com facilidade, sem a necessidade de habilidades de programa\u00e7\u00e3o.<\/p><\/div>\n\t\t\t\t<\/div>\n\t\t\t\t\t\t\t<div class=\"elementor-toggle-item\">\n\t\t\t\t\t<div id=\"elementor-tab-title-2894\" class=\"elementor-tab-title\" data-tab=\"4\" role=\"button\" aria-controls=\"elementor-tab-content-2894\" aria-expanded=\"false\">\n\t\t\t\t\t\t\t\t\t\t\t\t<span class=\"elementor-toggle-icon elementor-toggle-icon-left\" aria-hidden=\"true\">\n\t\t\t\t\t\t\t\t\t\t\t\t\t\t\t<span class=\"elementor-toggle-icon-closed\"><i class=\"fas fa-caret-right\"><\/i><\/span>\n\t\t\t\t\t\t\t\t<span class=\"elementor-toggle-icon-opened\"><i class=\"elementor-toggle-icon-opened fas fa-caret-up\"><\/i><\/span>\n\t\t\t\t\t\t\t\t\t\t\t\t\t<\/span>\n\t\t\t\t\t\t\t\t\t\t\t\t<a class=\"elementor-toggle-title\" tabindex=\"0\">Layout Edit\u00e1vel e Instala\u00e7\u00e3o Simples<\/a>\n\t\t\t\t\t<\/div>\n\n\t\t\t\t\t<div id=\"elementor-tab-content-2894\" class=\"elementor-tab-content elementor-clearfix\" data-tab=\"4\" role=\"region\" aria-labelledby=\"elementor-tab-title-2894\"><div class=\"flex-1 overflow-hidden\"><div class=\"react-scroll-to-bottom--css-nnqez-79elbk h-full dark:bg-gray-800\"><div class=\"react-scroll-to-bottom--css-nnqez-1n7m0yu\"><div class=\"flex flex-col text-sm dark:bg-gray-800\"><div class=\"group w-full text-token-text-primary border-b border-black\/10 gizmo:border-0 dark:border-gray-900\/50 gizmo:dark:border-0 bg-gray-50 gizmo:bg-transparent dark:bg-[#444654] gizmo:dark:bg-transparent\" data-testid=\"conversation-turn-17\"><div class=\"p-4 justify-center text-base md:gap-6 md:py-6 m-auto\"><div class=\"flex flex-1 gap-4 text-base mx-auto md:gap-6 gizmo:gap-3 gizmo:md:px-5 gizmo:lg:px-1 gizmo:xl:px-5 md:max-w-2xl lg:max-w-[38rem] gizmo:md:max-w-3xl gizmo:lg:max-w-[40rem] gizmo:xl:max-w-[48rem] xl:max-w-3xl }\"><div class=\"relative flex w-[calc(100%-50px)] flex-col gap-1 gizmo:w-full md:gap-3 lg:w-[calc(100%-115px)] agent-turn\"><div class=\"flex flex-grow flex-col gap-3 max-w-full\"><div class=\"min-h-[20px] flex flex-col items-start gap-3 whitespace-pre-wrap break-words overflow-x-auto\"><div class=\"markdown prose w-full break-words dark:prose-invert light\"><p>O layout \u00e9 totalmente edit\u00e1vel para que voc\u00ea possa adapt\u00e1-lo \u00e0 sua marca. Al\u00e9m disso, a instala\u00e7\u00e3o \u00e9 simples e r\u00e1pida, economizando tempo e esfor\u00e7o na configura\u00e7\u00e3o inicial do seu site.<\/p><\/div><\/div><\/div><\/div><\/div><\/div><\/div><\/div><\/div><\/div><\/div><\/div>\n\t\t\t\t<\/div>\n\t\t\t\t\t\t\t<div class=\"elementor-toggle-item\">\n\t\t\t\t\t<div id=\"elementor-tab-title-2895\" class=\"elementor-tab-title\" data-tab=\"5\" role=\"button\" aria-controls=\"elementor-tab-content-2895\" aria-expanded=\"false\">\n\t\t\t\t\t\t\t\t\t\t\t\t<span class=\"elementor-toggle-icon elementor-toggle-icon-left\" aria-hidden=\"true\">\n\t\t\t\t\t\t\t\t\t\t\t\t\t\t\t<span class=\"elementor-toggle-icon-closed\"><i class=\"fas fa-caret-right\"><\/i><\/span>\n\t\t\t\t\t\t\t\t<span class=\"elementor-toggle-icon-opened\"><i class=\"elementor-toggle-icon-opened fas fa-caret-up\"><\/i><\/span>\n\t\t\t\t\t\t\t\t\t\t\t\t\t<\/span>\n\t\t\t\t\t\t\t\t\t\t\t\t<a class=\"elementor-toggle-title\" tabindex=\"0\">REQUISITOS PARA INSTALA\u00c7\u00c3O<\/a>\n\t\t\t\t\t<\/div>\n\n\t\t\t\t\t<div id=\"elementor-tab-content-2895\" class=\"elementor-tab-content elementor-clearfix\" data-tab=\"5\" role=\"region\" aria-labelledby=\"elementor-tab-title-2895\"><p>&#8211; cPanel Instalado<br \/>&#8211; PHP 7.4 \u2013 8.1<br \/>&#8211; MySQL<br \/>&#8211; phpMyAdmin<br \/>&#8211; Extens\u00f5es b\u00e1sicas<\/p><\/div>\n\t\t\t\t<\/div>\n\t\t\t\t\t\t\t<div class=\"elementor-toggle-item\">\n\t\t\t\t\t<div id=\"elementor-tab-title-2896\" class=\"elementor-tab-title\" data-tab=\"6\" role=\"button\" aria-controls=\"elementor-tab-content-2896\" aria-expanded=\"false\">\n\t\t\t\t\t\t\t\t\t\t\t\t<span class=\"elementor-toggle-icon elementor-toggle-icon-left\" aria-hidden=\"true\">\n\t\t\t\t\t\t\t\t\t\t\t\t\t\t\t<span class=\"elementor-toggle-icon-closed\"><i class=\"fas fa-caret-right\"><\/i><\/span>\n\t\t\t\t\t\t\t\t<span class=\"elementor-toggle-icon-opened\"><i class=\"elementor-toggle-icon-opened fas fa-caret-up\"><\/i><\/span>\n\t\t\t\t\t\t\t\t\t\t\t\t\t<\/span>\n\t\t\t\t\t\t\t\t\t\t\t\t<a class=\"elementor-toggle-title\" tabindex=\"0\">Tema Dark<\/a>\n\t\t\t\t\t<\/div>\n\n\t\t\t\t\t<div id=\"elementor-tab-content-2896\" class=\"elementor-tab-content elementor-clearfix\" data-tab=\"6\" role=\"region\" aria-labelledby=\"elementor-tab-title-2896\"><p>Oferecemos a flexibilidade de alternar facilmente entre um &#8216;Tema Clean&#8217; e um &#8216;Tema Dark&#8217; com apenas um clique, para que voc\u00ea possa personalizar a experi\u00eancia de acordo com suas prefer\u00eancias.<\/p><\/div>\n\t\t\t\t<\/div>\n\t\t\t\t\t\t\t<div class=\"elementor-toggle-item\">\n\t\t\t\t\t<div id=\"elementor-tab-title-2897\" class=\"elementor-tab-title\" data-tab=\"7\" role=\"button\" aria-controls=\"elementor-tab-content-2897\" aria-expanded=\"false\">\n\t\t\t\t\t\t\t\t\t\t\t\t<span class=\"elementor-toggle-icon elementor-toggle-icon-left\" aria-hidden=\"true\">\n\t\t\t\t\t\t\t\t\t\t\t\t\t\t\t<span class=\"elementor-toggle-icon-closed\"><i class=\"fas fa-caret-right\"><\/i><\/span>\n\t\t\t\t\t\t\t\t<span class=\"elementor-toggle-icon-opened\"><i class=\"elementor-toggle-icon-opened fas fa-caret-up\"><\/i><\/span>\n\t\t\t\t\t\t\t\t\t\t\t\t\t<\/span>\n\t\t\t\t\t\t\t\t\t\t\t\t<a class=\"elementor-toggle-title\" tabindex=\"0\">Instala\u00e7\u00e3o com o All Migration<\/a>\n\t\t\t\t\t<\/div>\n\n\t\t\t\t\t<div id=\"elementor-tab-content-2897\" class=\"elementor-tab-content elementor-clearfix\" data-tab=\"7\" role=\"region\" aria-labelledby=\"elementor-tab-title-2897\"><p>Facilitamos o processo de instala\u00e7\u00e3o, permitindo que voc\u00ea carregue facilmente um backup pr\u00e9-configurado por nossa equipe. Tudo o que voc\u00ea precisa fazer \u00e9 fazer o upload do backup e, em instantes, seu site estar\u00e1 pronto para operar conforme as suas personaliza\u00e7\u00f5es.<\/p><\/div>\n\t\t\t\t<\/div>\n\t\t\t\t\t\t\t\t<\/div>\n\t\t\t\t<\/div>\n\t\t\t\t<\/div>\n\t\t\t\t\t<\/div>\n\t\t<\/div>\n\t\t\t\t\t<\/div>\n\t\t<\/section>\n\t\t\t\t<section class=\"elementor-section elementor-top-section elementor-element elementor-element-380797a2 elementor-section-boxed elementor-section-height-default elementor-section-height-default\" data-id=\"380797a2\" data-element_type=\"section\" data-settings=\"{&quot;jet_parallax_layout_list&quot;:[]}\">\n\t\t\t\t\t\t<div class=\"elementor-container elementor-column-gap-default\">\n\t\t\t\t\t<div class=\"elementor-column elementor-col-100 elementor-top-column elementor-element elementor-element-34bbe646\" data-id=\"34bbe646\" data-element_type=\"column\">\n\t\t\t<div class=\"elementor-widget-wrap elementor-element-populated\">\n\t\t\t\t\t\t<div class=\"elementor-element elementor-element-112848b2 elementor-widget elementor-widget-heading\" data-id=\"112848b2\" data-element_type=\"widget\" data-widget_type=\"heading.default\">\n\t\t\t\t<div class=\"elementor-widget-container\">\n\t\t\t<h2 class=\"elementor-heading-title elementor-size-default\">Perguntas Frequentes<\/h2>\t\t<\/div>\n\t\t\t\t<\/div>\n\t\t\t\t<div class=\"elementor-element elementor-element-5e428ab1 elementor-widget elementor-widget-toggle\" data-id=\"5e428ab1\" data-element_type=\"widget\" data-widget_type=\"toggle.default\">\n\t\t\t\t<div class=\"elementor-widget-container\">\n\t\t\t\t\t<div class=\"elementor-toggle\">\n\t\t\t\t\t\t\t<div class=\"elementor-toggle-item\">\n\t\t\t\t\t<div id=\"elementor-tab-title-1581\" class=\"elementor-tab-title\" data-tab=\"1\" role=\"button\" aria-controls=\"elementor-tab-content-1581\" aria-expanded=\"false\">\n\t\t\t\t\t\t\t\t\t\t\t\t<span class=\"elementor-toggle-icon elementor-toggle-icon-left\" aria-hidden=\"true\">\n\t\t\t\t\t\t\t\t\t\t\t\t\t\t\t<span class=\"elementor-toggle-icon-closed\"><i class=\"fas fa-caret-right\"><\/i><\/span>\n\t\t\t\t\t\t\t\t<span class=\"elementor-toggle-icon-opened\"><i class=\"elementor-toggle-icon-opened fas fa-caret-up\"><\/i><\/span>\n\t\t\t\t\t\t\t\t\t\t\t\t\t<\/span>\n\t\t\t\t\t\t\t\t\t\t\t\t<a class=\"elementor-toggle-title\" tabindex=\"0\">O produto \u00e9 atualizado com frequ\u00eancia?<\/a>\n\t\t\t\t\t<\/div>\n\n\t\t\t\t\t<div id=\"elementor-tab-content-1581\" class=\"elementor-tab-content elementor-clearfix\" data-tab=\"1\" role=\"region\" aria-labelledby=\"elementor-tab-title-1581\"><p>Sim, atualizamos nossos scripts com frequ\u00eancia para garantir que ele esteja sempre atualizado e em conformidade com as \u00faltimas tend\u00eancias e recursos. Al\u00e9m disso, todas as atualiza\u00e7\u00f5es s\u00e3o gratuitas.<\/p><\/div>\n\t\t\t\t<\/div>\n\t\t\t\t\t\t\t<div class=\"elementor-toggle-item\">\n\t\t\t\t\t<div id=\"elementor-tab-title-1582\" class=\"elementor-tab-title\" data-tab=\"2\" role=\"button\" aria-controls=\"elementor-tab-content-1582\" aria-expanded=\"false\">\n\t\t\t\t\t\t\t\t\t\t\t\t<span class=\"elementor-toggle-icon elementor-toggle-icon-left\" aria-hidden=\"true\">\n\t\t\t\t\t\t\t\t\t\t\t\t\t\t\t<span class=\"elementor-toggle-icon-closed\"><i class=\"fas fa-caret-right\"><\/i><\/span>\n\t\t\t\t\t\t\t\t<span class=\"elementor-toggle-icon-opened\"><i class=\"elementor-toggle-icon-opened fas fa-caret-up\"><\/i><\/span>\n\t\t\t\t\t\t\t\t\t\t\t\t\t<\/span>\n\t\t\t\t\t\t\t\t\t\t\t\t<a class=\"elementor-toggle-title\" tabindex=\"0\">Posso revender o script?<\/a>\n\t\t\t\t\t<\/div>\n\n\t\t\t\t\t<div id=\"elementor-tab-content-1582\" class=\"elementor-tab-content elementor-clearfix\" data-tab=\"2\" role=\"region\" aria-labelledby=\"elementor-tab-title-1582\"><p>Sim, voc\u00ea pode comercializar o script. Ele \u00e9 um c\u00f3digo-fonte aberto desenvolvido utilizando WordPress, Elementor e outros plugins.<\/p><\/div>\n\t\t\t\t<\/div>\n\t\t\t\t\t\t\t\t<\/div>\n\t\t\t\t<\/div>\n\t\t\t\t<\/div>\n\t\t\t\t\t<\/div>\n\t\t<\/div>\n\t\t\t\t\t<\/div>\n\t\t<\/section>\n\t\t\t\t<\/div>\n\t\t","protected":false},"excerpt":{"rendered":"<p>Deseja um site de not\u00edcias profissional e rent\u00e1vel? Nosso script permite criar portais de not\u00edcias responsivos, monetiz\u00e1veis com o Google AdSense e de f\u00e1cil revenda, com 100% de lucro para voc\u00ea. Comece a construir seu imp\u00e9rio de not\u00edcias online agora!<\/p>\n","protected":false},"featured_media":3216,"comment_status":"open","ping_status":"closed","template":"","meta":[],"product_brand":[],"product_cat":[44],"product_tag":[430,429,428,395,47],"class_list":{"0":"post-3205","1":"product","2":"type-product","3":"status-publish","4":"has-post-thumbnail","6":"product_cat-scripts-php","7":"product_tag-noticias","8":"product_tag-portal","9":"product_tag-scripts-php","10":"product_tag-sites-prontos","11":"product_tag-wordpress","12":"membership-content","13":"purchase-restricted","15":"first","16":"instock","17":"sale","18":"downloadable","19":"virtual","20":"product-type-simple"},"_links":{"self":[{"href":"https:\/\/vip.plwdesign.online\/index.php?rest_route=\/wp\/v2\/product\/3205","targetHints":{"allow":["GET"]}}],"collection":[{"href":"https:\/\/vip.plwdesign.online\/index.php?rest_route=\/wp\/v2\/product"}],"about":[{"href":"https:\/\/vip.plwdesign.online\/index.php?rest_route=\/wp\/v2\/types\/product"}],"replies":[{"embeddable":true,"href":"https:\/\/vip.plwdesign.online\/index.php?rest_route=%2Fwp%2Fv2%2Fcomments&post=3205"}],"version-history":[{"count":7,"href":"https:\/\/vip.plwdesign.online\/index.php?rest_route=\/wp\/v2\/product\/3205\/revisions"}],"predecessor-version":[{"id":3220,"href":"https:\/\/vip.plwdesign.online\/index.php?rest_route=\/wp\/v2\/product\/3205\/revisions\/3220"}],"wp:featuredmedia":[{"embeddable":true,"href":"https:\/\/vip.plwdesign.online\/index.php?rest_route=\/wp\/v2\/media\/3216"}],"wp:attachment":[{"href":"https:\/\/vip.plwdesign.online\/index.php?rest_route=%2Fwp%2Fv2%2Fmedia&parent=3205"}],"wp:term":[{"taxonomy":"product_brand","embeddable":true,"href":"https:\/\/vip.plwdesign.online\/index.php?rest_route=%2Fwp%2Fv2%2Fproduct_brand&post=3205"},{"taxonomy":"product_cat","embeddable":true,"href":"https:\/\/vip.plwdesign.online\/index.php?rest_route=%2Fwp%2Fv2%2Fproduct_cat&post=3205"},{"taxonomy":"product_tag","embeddable":true,"href":"https:\/\/vip.plwdesign.online\/index.php?rest_route=%2Fwp%2Fv2%2Fproduct_tag&post=3205"}],"curies":[{"name":"wp","href":"https:\/\/api.w.org\/{rel}","templated":true}]}}