{"id":285,"date":"2023-04-11T14:03:57","date_gmt":"2023-04-11T14:03:57","guid":{"rendered":"https:\/\/vip.plwdesign.online\/?post_type=product&#038;p=285"},"modified":"2026-01-09T13:04:30","modified_gmt":"2026-01-09T13:04:30","slug":"pack-de-criativos-americanos-altamente-lucrativos","status":"publish","type":"product","link":"https:\/\/vip.plwdesign.online\/?product=pack-de-criativos-americanos-altamente-lucrativos","title":{"rendered":"PACK DE CRIATIVOS AMERICANOS ALTAMENTE LUCRATIVOS"},"content":{"rendered":"<p>Os criativos vetorizados est\u00e3o virando tend\u00eancia no mercado. A maioria fica com o CTR acima de 5%, essa m\u00e9trica deixa teu tr\u00e1fego mais efetivo!<\/p>\n<h4><strong>V\u00eddeo Demonstrativo<\/strong><\/h4>\n<p><iframe title=\"YouTube video player\" src=\"https:\/\/www.youtube.com\/embed\/d72dE-kAphY\" width=\"100%\" height=\"315\" frameborder=\"0\" allowfullscreen=\"allowfullscreen\" data-gtm-yt-inspected-4=\"true\" data-mce-fragment=\"1\"><\/iframe><\/p>\n<h4><strong>Veja alguns Exemplos<\/strong><\/h4>\n<p><img fetchpriority=\"high\" decoding=\"async\" class=\"wp-image-7163 size-full aligncenter entered lazyloaded\" src=\"https:\/\/i0.wp.com\/plwdesign.online\/wp-content\/uploads\/2022\/09\/IMG_4267.jpg?resize=560%2C294&amp;ssl=1\" sizes=\"(max-width: 560px) 100vw, 560px\" srcset=\"https:\/\/i0.wp.com\/plwdesign.online\/wp-content\/uploads\/2022\/09\/IMG_4267.jpg?w=560&amp;ssl=1 560w, https:\/\/i0.wp.com\/plwdesign.online\/wp-content\/uploads\/2022\/09\/IMG_4267.jpg?resize=300%2C158&amp;ssl=1 300w\" alt=\"pack criativos americanos\" width=\"560\" height=\"294\" data-lazy-srcset=\"https:\/\/i0.wp.com\/plwdesign.online\/wp-content\/uploads\/2022\/09\/IMG_4267.jpg?w=560&amp;ssl=1 560w, https:\/\/i0.wp.com\/plwdesign.online\/wp-content\/uploads\/2022\/09\/IMG_4267.jpg?resize=300%2C158&amp;ssl=1 300w\" data-lazy-sizes=\"(max-width: 560px) 100vw, 560px\" data-recalc-dims=\"1\" data-lazy-src=\"https:\/\/i0.wp.com\/plwdesign.online\/wp-content\/uploads\/2022\/09\/IMG_4267.jpg?resize=560%2C294&amp;ssl=1\" data-ll-status=\"loaded\" \/><\/p>\n<p><img decoding=\"async\" class=\"wp-image-7164 size-full aligncenter entered lazyloaded\" src=\"https:\/\/i0.wp.com\/plwdesign.online\/wp-content\/uploads\/2022\/09\/IMG_4952.jpg?resize=560%2C292&amp;ssl=1\" sizes=\"(max-width: 560px) 100vw, 560px\" srcset=\"https:\/\/i0.wp.com\/plwdesign.online\/wp-content\/uploads\/2022\/09\/IMG_4952.jpg?w=560&amp;ssl=1 560w, https:\/\/i0.wp.com\/plwdesign.online\/wp-content\/uploads\/2022\/09\/IMG_4952.jpg?resize=300%2C156&amp;ssl=1 300w\" alt=\"pack criativos lucrativos 2\" width=\"560\" height=\"292\" data-lazy-srcset=\"https:\/\/i0.wp.com\/plwdesign.online\/wp-content\/uploads\/2022\/09\/IMG_4952.jpg?w=560&amp;ssl=1 560w, https:\/\/i0.wp.com\/plwdesign.online\/wp-content\/uploads\/2022\/09\/IMG_4952.jpg?resize=300%2C156&amp;ssl=1 300w\" data-lazy-sizes=\"(max-width: 560px) 100vw, 560px\" data-recalc-dims=\"1\" data-lazy-src=\"https:\/\/i0.wp.com\/plwdesign.online\/wp-content\/uploads\/2022\/09\/IMG_4952.jpg?resize=560%2C292&amp;ssl=1\" data-ll-status=\"loaded\" \/><\/p>\n<p><img decoding=\"async\" class=\"wp-image-7165 size-full aligncenter entered lazyloaded\" src=\"https:\/\/i2.wp.com\/plwdesign.online\/wp-content\/uploads\/2022\/09\/20200121121845.jpg?resize=560%2C293&amp;ssl=1\" sizes=\"(max-width: 560px) 100vw, 560px\" srcset=\"https:\/\/i2.wp.com\/plwdesign.online\/wp-content\/uploads\/2022\/09\/20200121121845.jpg?w=560&amp;ssl=1 560w, https:\/\/i2.wp.com\/plwdesign.online\/wp-content\/uploads\/2022\/09\/20200121121845.jpg?resize=300%2C157&amp;ssl=1 300w\" alt=\"pack criativos americanos\" width=\"560\" height=\"293\" data-lazy-srcset=\"https:\/\/i2.wp.com\/plwdesign.online\/wp-content\/uploads\/2022\/09\/20200121121845.jpg?w=560&amp;ssl=1 560w, https:\/\/i2.wp.com\/plwdesign.online\/wp-content\/uploads\/2022\/09\/20200121121845.jpg?resize=300%2C157&amp;ssl=1 300w\" data-lazy-sizes=\"(max-width: 560px) 100vw, 560px\" data-recalc-dims=\"1\" data-lazy-src=\"https:\/\/i2.wp.com\/plwdesign.online\/wp-content\/uploads\/2022\/09\/20200121121845.jpg?resize=560%2C293&amp;ssl=1\" data-ll-status=\"loaded\" \/><\/p>\n<h4><img loading=\"lazy\" decoding=\"async\" class=\"wp-image-7167 size-full aligncenter entered lazyloaded\" src=\"https:\/\/i0.wp.com\/plwdesign.online\/wp-content\/uploads\/2022\/09\/202001211219251-1.jpg?resize=560%2C293&amp;ssl=1\" sizes=\"(max-width: 560px) 100vw, 560px\" srcset=\"https:\/\/i0.wp.com\/plwdesign.online\/wp-content\/uploads\/2022\/09\/202001211219251-1.jpg?w=560&amp;ssl=1 560w, https:\/\/i0.wp.com\/plwdesign.online\/wp-content\/uploads\/2022\/09\/202001211219251-1.jpg?resize=300%2C157&amp;ssl=1 300w\" alt=\"pack criativos americanos\" width=\"560\" height=\"293\" data-lazy-srcset=\"https:\/\/i0.wp.com\/plwdesign.online\/wp-content\/uploads\/2022\/09\/202001211219251-1.jpg?w=560&amp;ssl=1 560w, https:\/\/i0.wp.com\/plwdesign.online\/wp-content\/uploads\/2022\/09\/202001211219251-1.jpg?resize=300%2C157&amp;ssl=1 300w\" data-lazy-sizes=\"(max-width: 560px) 100vw, 560px\" data-recalc-dims=\"1\" data-lazy-src=\"https:\/\/i0.wp.com\/plwdesign.online\/wp-content\/uploads\/2022\/09\/202001211219251-1.jpg?resize=560%2C293&amp;ssl=1\" data-ll-status=\"loaded\" \/><br \/>\nAl\u00e9m dos criativos vetorizados, voc\u00ea ir\u00e1 receber criativos de diversos nichos, ja editado com copy!<\/h4>\n<p><img loading=\"lazy\" decoding=\"async\" class=\"aligncenter wp-image-7168 size-full entered lazyloaded\" src=\"https:\/\/i2.wp.com\/plwdesign.online\/wp-content\/uploads\/2022\/09\/malbocado.png?resize=560%2C560&amp;ssl=1\" sizes=\"(max-width: 560px) 100vw, 560px\" srcset=\"https:\/\/i2.wp.com\/plwdesign.online\/wp-content\/uploads\/2022\/09\/malbocado.png?w=560&amp;ssl=1 560w, https:\/\/i2.wp.com\/plwdesign.online\/wp-content\/uploads\/2022\/09\/malbocado.png?resize=300%2C300&amp;ssl=1 300w, https:\/\/i2.wp.com\/plwdesign.online\/wp-content\/uploads\/2022\/09\/malbocado.png?resize=150%2C150&amp;ssl=1 150w, https:\/\/i2.wp.com\/plwdesign.online\/wp-content\/uploads\/2022\/09\/malbocado.png?resize=170%2C170&amp;ssl=1 170w, https:\/\/i2.wp.com\/plwdesign.online\/wp-content\/uploads\/2022\/09\/malbocado.png?resize=90%2C90&amp;ssl=1 90w, https:\/\/i2.wp.com\/plwdesign.online\/wp-content\/uploads\/2022\/09\/malbocado.png?resize=100%2C100&amp;ssl=1 100w\" alt=\"criativos americanos\" width=\"560\" height=\"560\" data-lazy-srcset=\"https:\/\/i2.wp.com\/plwdesign.online\/wp-content\/uploads\/2022\/09\/malbocado.png?w=560&amp;ssl=1 560w, https:\/\/i2.wp.com\/plwdesign.online\/wp-content\/uploads\/2022\/09\/malbocado.png?resize=300%2C300&amp;ssl=1 300w, https:\/\/i2.wp.com\/plwdesign.online\/wp-content\/uploads\/2022\/09\/malbocado.png?resize=150%2C150&amp;ssl=1 150w, https:\/\/i2.wp.com\/plwdesign.online\/wp-content\/uploads\/2022\/09\/malbocado.png?resize=170%2C170&amp;ssl=1 170w, https:\/\/i2.wp.com\/plwdesign.online\/wp-content\/uploads\/2022\/09\/malbocado.png?resize=90%2C90&amp;ssl=1 90w, https:\/\/i2.wp.com\/plwdesign.online\/wp-content\/uploads\/2022\/09\/malbocado.png?resize=100%2C100&amp;ssl=1 100w\" data-lazy-sizes=\"(max-width: 560px) 100vw, 560px\" data-recalc-dims=\"1\" data-lazy-src=\"https:\/\/i2.wp.com\/plwdesign.online\/wp-content\/uploads\/2022\/09\/malbocado.png?resize=560%2C560&amp;ssl=1\" data-ll-status=\"loaded\" \/><\/p>\n<p><img loading=\"lazy\" decoding=\"async\" class=\"aligncenter wp-image-7169 size-full entered lazyloaded\" src=\"https:\/\/i1.wp.com\/plwdesign.online\/wp-content\/uploads\/2022\/09\/nutricionista-vetorial.png?resize=560%2C560&amp;ssl=1\" sizes=\"(max-width: 560px) 100vw, 560px\" srcset=\"https:\/\/i1.wp.com\/plwdesign.online\/wp-content\/uploads\/2022\/09\/nutricionista-vetorial.png?w=560&amp;ssl=1 560w, https:\/\/i1.wp.com\/plwdesign.online\/wp-content\/uploads\/2022\/09\/nutricionista-vetorial.png?resize=300%2C300&amp;ssl=1 300w, https:\/\/i1.wp.com\/plwdesign.online\/wp-content\/uploads\/2022\/09\/nutricionista-vetorial.png?resize=150%2C150&amp;ssl=1 150w, https:\/\/i1.wp.com\/plwdesign.online\/wp-content\/uploads\/2022\/09\/nutricionista-vetorial.png?resize=170%2C170&amp;ssl=1 170w, https:\/\/i1.wp.com\/plwdesign.online\/wp-content\/uploads\/2022\/09\/nutricionista-vetorial.png?resize=90%2C90&amp;ssl=1 90w, https:\/\/i1.wp.com\/plwdesign.online\/wp-content\/uploads\/2022\/09\/nutricionista-vetorial.png?resize=100%2C100&amp;ssl=1 100w\" alt=\"criatovs americanos\" width=\"560\" height=\"560\" data-lazy-srcset=\"https:\/\/i1.wp.com\/plwdesign.online\/wp-content\/uploads\/2022\/09\/nutricionista-vetorial.png?w=560&amp;ssl=1 560w, https:\/\/i1.wp.com\/plwdesign.online\/wp-content\/uploads\/2022\/09\/nutricionista-vetorial.png?resize=300%2C300&amp;ssl=1 300w, https:\/\/i1.wp.com\/plwdesign.online\/wp-content\/uploads\/2022\/09\/nutricionista-vetorial.png?resize=150%2C150&amp;ssl=1 150w, https:\/\/i1.wp.com\/plwdesign.online\/wp-content\/uploads\/2022\/09\/nutricionista-vetorial.png?resize=170%2C170&amp;ssl=1 170w, https:\/\/i1.wp.com\/plwdesign.online\/wp-content\/uploads\/2022\/09\/nutricionista-vetorial.png?resize=90%2C90&amp;ssl=1 90w, https:\/\/i1.wp.com\/plwdesign.online\/wp-content\/uploads\/2022\/09\/nutricionista-vetorial.png?resize=100%2C100&amp;ssl=1 100w\" data-lazy-sizes=\"(max-width: 560px) 100vw, 560px\" data-recalc-dims=\"1\" data-lazy-src=\"https:\/\/i1.wp.com\/plwdesign.online\/wp-content\/uploads\/2022\/09\/nutricionista-vetorial.png?resize=560%2C560&amp;ssl=1\" data-ll-status=\"loaded\" \/><\/p>\n<p><b>Um dos produtos que mais teve ROI \u201cRetorno sobre investimento\u201d nos \u00faltimos meses AGORA ser\u00e1 seu !<\/b><\/p>\n<p>#packcriativosamericanos #imagensads #pack #vendercomads #imagensvetoriais<\/p>\n","protected":false},"excerpt":{"rendered":"<p>Alcance um alto desempenho nas suas campanhas de marketing com o Pack Completo de Criativos Americanos. Com ele, voc\u00ea ter\u00e1 acesso a uma variedade de conte\u00fados criativos exclusivos que ir\u00e3o impulsionar o seu CTR (Taxa de Cliques) para mais de 5%. Aproveite agora e aumente a convers\u00e3o das suas campanhas!<\/p>\n","protected":false},"featured_media":286,"comment_status":"open","ping_status":"closed","template":"","meta":[],"product_brand":[],"product_cat":[629],"product_tag":[92,93,91,90],"class_list":{"0":"post-285","1":"product","2":"type-product","3":"status-publish","4":"has-post-thumbnail","6":"product_cat-outros","7":"product_tag-americanos","8":"product_tag-criativos","9":"product_tag-imagens","10":"product_tag-packs","11":"membership-content","12":"purchase-restricted","14":"first","15":"instock","16":"sale","17":"downloadable","18":"shipping-taxable","19":"product-type-simple"},"_links":{"self":[{"href":"https:\/\/vip.plwdesign.online\/index.php?rest_route=\/wp\/v2\/product\/285","targetHints":{"allow":["GET"]}}],"collection":[{"href":"https:\/\/vip.plwdesign.online\/index.php?rest_route=\/wp\/v2\/product"}],"about":[{"href":"https:\/\/vip.plwdesign.online\/index.php?rest_route=\/wp\/v2\/types\/product"}],"replies":[{"embeddable":true,"href":"https:\/\/vip.plwdesign.online\/index.php?rest_route=%2Fwp%2Fv2%2Fcomments&post=285"}],"version-history":[{"count":1,"href":"https:\/\/vip.plwdesign.online\/index.php?rest_route=\/wp\/v2\/product\/285\/revisions"}],"predecessor-version":[{"id":288,"href":"https:\/\/vip.plwdesign.online\/index.php?rest_route=\/wp\/v2\/product\/285\/revisions\/288"}],"wp:featuredmedia":[{"embeddable":true,"href":"https:\/\/vip.plwdesign.online\/index.php?rest_route=\/wp\/v2\/media\/286"}],"wp:attachment":[{"href":"https:\/\/vip.plwdesign.online\/index.php?rest_route=%2Fwp%2Fv2%2Fmedia&parent=285"}],"wp:term":[{"taxonomy":"product_brand","embeddable":true,"href":"https:\/\/vip.plwdesign.online\/index.php?rest_route=%2Fwp%2Fv2%2Fproduct_brand&post=285"},{"taxonomy":"product_cat","embeddable":true,"href":"https:\/\/vip.plwdesign.online\/index.php?rest_route=%2Fwp%2Fv2%2Fproduct_cat&post=285"},{"taxonomy":"product_tag","embeddable":true,"href":"https:\/\/vip.plwdesign.online\/index.php?rest_route=%2Fwp%2Fv2%2Fproduct_tag&post=285"}],"curies":[{"name":"wp","href":"https:\/\/api.w.org\/{rel}","templated":true}]}}