{"id":262,"date":"2023-04-11T03:42:31","date_gmt":"2023-04-11T03:42:31","guid":{"rendered":"https:\/\/vip.plwdesign.online\/?post_type=product&#038;p=262"},"modified":"2026-01-09T13:04:35","modified_gmt":"2026-01-09T13:04:35","slug":"48-scripts-de-vendas-para-whatsapp-2023","status":"publish","type":"product","link":"https:\/\/vip.plwdesign.online\/?product=48-scripts-de-vendas-para-whatsapp-2023","title":{"rendered":"48 Scripts de Vendas para WhatsApp 2023"},"content":{"rendered":"<p>Se voc\u00ea quer alavancar suas vendas no WhatsApp, precisa conhecer o nosso produto: 48 Scripts de Vendas para WhatsApp. Com esse pacote, voc\u00ea ter\u00e1 acesso aos melhores scripts para quebrar as principais obje\u00e7\u00f5es dos seus clientes, como &#8220;n\u00e3o tenho dinheiro&#8221;, &#8220;outro dia eu compro&#8221; e &#8220;vou ver com meu marido&#8221;. S\u00e3o 48 scripts testados e aprovados, garantindo que voc\u00ea tenha sucesso em suas vendas. N\u00e3o perca mais tempo e adquira agora mesmo o 48 Scripts de Vendas para WhatsApp!<\/p>\n","protected":false},"excerpt":{"rendered":"<p>O PDF &#8220;48 Scripts para Quebrar Obje\u00e7\u00f5es no WhatsApp&#8221; \u00e9 o guia definitivo para voc\u00ea que deseja aumentar suas vendas e superar os obst\u00e1culos mais comuns enfrentados ao negociar com clientes no WhatsApp. Com uma sele\u00e7\u00e3o criteriosa dos 48 scripts mais eficazes, este material ir\u00e1 ajud\u00e1-lo a vender mais e melhor, apresentando respostas persuasivas e convincentes para as obje\u00e7\u00f5es mais conhecidas, como &#8220;n\u00e3o tenho dinheiro&#8221;, &#8220;outro dia eu compro&#8221;, &#8220;vou ver com meu marido&#8221; e muitas outras. Al\u00e9m disso, os scripts foram cuidadosamente testados e aprovados por especialistas em vendas, garantindo que voc\u00ea ter\u00e1 em m\u00e3os as melhores estrat\u00e9gias para aumentar suas convers\u00f5es no WhatsApp. Compre agora e comece a colher os resultados imediatamente!<\/p>\n","protected":false},"featured_media":264,"comment_status":"open","ping_status":"closed","template":"","meta":[],"product_brand":[],"product_cat":[629],"product_tag":[81,78,80,82,19],"class_list":{"0":"post-262","1":"product","2":"type-product","3":"status-publish","4":"has-post-thumbnail","6":"product_cat-outros","7":"product_tag-objecoes","8":"product_tag-pdf","9":"product_tag-scripts","10":"product_tag-vendas","11":"product_tag-whatsapp","12":"membership-content","13":"purchase-restricted","15":"first","16":"instock","17":"sale","18":"downloadable","19":"shipping-taxable","20":"product-type-simple"},"_links":{"self":[{"href":"https:\/\/vip.plwdesign.online\/index.php?rest_route=\/wp\/v2\/product\/262","targetHints":{"allow":["GET"]}}],"collection":[{"href":"https:\/\/vip.plwdesign.online\/index.php?rest_route=\/wp\/v2\/product"}],"about":[{"href":"https:\/\/vip.plwdesign.online\/index.php?rest_route=\/wp\/v2\/types\/product"}],"replies":[{"embeddable":true,"href":"https:\/\/vip.plwdesign.online\/index.php?rest_route=%2Fwp%2Fv2%2Fcomments&post=262"}],"version-history":[{"count":1,"href":"https:\/\/vip.plwdesign.online\/index.php?rest_route=\/wp\/v2\/product\/262\/revisions"}],"predecessor-version":[{"id":265,"href":"https:\/\/vip.plwdesign.online\/index.php?rest_route=\/wp\/v2\/product\/262\/revisions\/265"}],"wp:featuredmedia":[{"embeddable":true,"href":"https:\/\/vip.plwdesign.online\/index.php?rest_route=\/wp\/v2\/media\/264"}],"wp:attachment":[{"href":"https:\/\/vip.plwdesign.online\/index.php?rest_route=%2Fwp%2Fv2%2Fmedia&parent=262"}],"wp:term":[{"taxonomy":"product_brand","embeddable":true,"href":"https:\/\/vip.plwdesign.online\/index.php?rest_route=%2Fwp%2Fv2%2Fproduct_brand&post=262"},{"taxonomy":"product_cat","embeddable":true,"href":"https:\/\/vip.plwdesign.online\/index.php?rest_route=%2Fwp%2Fv2%2Fproduct_cat&post=262"},{"taxonomy":"product_tag","embeddable":true,"href":"https:\/\/vip.plwdesign.online\/index.php?rest_route=%2Fwp%2Fv2%2Fproduct_tag&post=262"}],"curies":[{"name":"wp","href":"https:\/\/api.w.org\/{rel}","templated":true}]}}