{"id":258,"date":"2023-04-11T03:34:07","date_gmt":"2023-04-11T03:34:07","guid":{"rendered":"https:\/\/vip.plwdesign.online\/?post_type=product&#038;p=258"},"modified":"2026-01-09T13:04:40","modified_gmt":"2026-01-09T13:04:40","slug":"copys-de-alta-conversao-para-whatsapp","status":"publish","type":"product","link":"https:\/\/vip.plwdesign.online\/?product=copys-de-alta-conversao-para-whatsapp","title":{"rendered":"Copys de alta convers\u00e3o para WhatsApp"},"content":{"rendered":"<p>Quer aumentar suas vendas pelo WhatsApp e n\u00e3o sabe como? Apresentamos o nosso PDF exclusivo com mais de 200 copys testadas e comprovadas para alavancar as suas vendas! S\u00e3o textos persuasivos, de alta convers\u00e3o e prontos para serem usados em qualquer neg\u00f3cio. Com esse material em m\u00e3os, voc\u00ea ir\u00e1 impressionar seus clientes e fechar muito mais vendas!<\/p>\n<p>Al\u00e9m disso, nosso PDF \u00e9 extremamente f\u00e1cil de usar, basta copiar e colar a copy que melhor se encaixa com o seu produto ou servi\u00e7o e enviar para o seu cliente. N\u00e3o perca mais tempo escrevendo mensagens que n\u00e3o convertem, com nosso PDF voc\u00ea ter\u00e1 a certeza de que est\u00e1 utilizando as melhores copys para alcan\u00e7ar os seus objetivos.<\/p>\n<p>E mais, esse PDF ser\u00e1 seu para sempre, podendo ser usado quantas vezes voc\u00ea quiser e sempre que precisar. Invista em seu neg\u00f3cio e adquira agora mesmo o nosso PDF com as melhores copys para WhatsApp!<\/p>\n","protected":false},"excerpt":{"rendered":"<p>Com o PDF de Copys de Alta Convers\u00e3o para WhatsApp, voc\u00ea ter\u00e1 acesso a mais de 200 textos testados e comprovados para alavancar suas vendas no aplicativo. O melhor de tudo \u00e9 que voc\u00ea n\u00e3o precisa comprar nada! Basta baixar o PDF e come\u00e7ar a usar as copys para fechar mais neg\u00f3cios pelo WhatsApp. Com essa ferramenta, voc\u00ea ter\u00e1 em m\u00e3os a habilidade de criar mensagens persuasivas e persuasivas que levam \u00e0 a\u00e7\u00e3o, ajudando voc\u00ea a alcan\u00e7ar seus objetivos de vendas mais rapidamente.<\/p>\n","protected":false},"featured_media":260,"comment_status":"open","ping_status":"closed","template":"","meta":[],"product_brand":[],"product_cat":[629],"product_tag":[24,77,22,78,79,19],"class_list":{"0":"post-258","1":"product","2":"type-product","3":"status-publish","4":"has-post-thumbnail","6":"product_cat-outros","7":"product_tag-baixar","8":"product_tag-copys","9":"product_tag-gratis","10":"product_tag-pdf","11":"product_tag-vender","12":"product_tag-whatsapp","13":"membership-content","14":"purchase-restricted","16":"first","17":"instock","18":"sale","19":"downloadable","20":"virtual","21":"product-type-simple"},"_links":{"self":[{"href":"https:\/\/vip.plwdesign.online\/index.php?rest_route=\/wp\/v2\/product\/258","targetHints":{"allow":["GET"]}}],"collection":[{"href":"https:\/\/vip.plwdesign.online\/index.php?rest_route=\/wp\/v2\/product"}],"about":[{"href":"https:\/\/vip.plwdesign.online\/index.php?rest_route=\/wp\/v2\/types\/product"}],"replies":[{"embeddable":true,"href":"https:\/\/vip.plwdesign.online\/index.php?rest_route=%2Fwp%2Fv2%2Fcomments&post=258"}],"version-history":[{"count":1,"href":"https:\/\/vip.plwdesign.online\/index.php?rest_route=\/wp\/v2\/product\/258\/revisions"}],"predecessor-version":[{"id":261,"href":"https:\/\/vip.plwdesign.online\/index.php?rest_route=\/wp\/v2\/product\/258\/revisions\/261"}],"wp:featuredmedia":[{"embeddable":true,"href":"https:\/\/vip.plwdesign.online\/index.php?rest_route=\/wp\/v2\/media\/260"}],"wp:attachment":[{"href":"https:\/\/vip.plwdesign.online\/index.php?rest_route=%2Fwp%2Fv2%2Fmedia&parent=258"}],"wp:term":[{"taxonomy":"product_brand","embeddable":true,"href":"https:\/\/vip.plwdesign.online\/index.php?rest_route=%2Fwp%2Fv2%2Fproduct_brand&post=258"},{"taxonomy":"product_cat","embeddable":true,"href":"https:\/\/vip.plwdesign.online\/index.php?rest_route=%2Fwp%2Fv2%2Fproduct_cat&post=258"},{"taxonomy":"product_tag","embeddable":true,"href":"https:\/\/vip.plwdesign.online\/index.php?rest_route=%2Fwp%2Fv2%2Fproduct_tag&post=258"}],"curies":[{"name":"wp","href":"https:\/\/api.w.org\/{rel}","templated":true}]}}