{"id":2401,"date":"2023-08-29T16:51:27","date_gmt":"2023-08-29T16:51:27","guid":{"rendered":"https:\/\/vip.plwdesign.online\/?post_type=product&#038;p=2401"},"modified":"2025-12-15T22:57:07","modified_gmt":"2025-12-15T22:57:07","slug":"bronze-plano-trimestral","status":"publish","type":"product","link":"https:\/\/vip.plwdesign.online\/?product=bronze-plano-trimestral","title":{"rendered":"Iniciante \u2013 Plano Trimestral"},"content":{"rendered":"<p>O Plano Bronze da PlwDesign \u00e9 a escolha excelente tanto para iniciantes quanto para aqueles que buscam maximizar o retorno sobre o investimento. Oferecendo um valor acess\u00edvel, este plano garante que voc\u00ea n\u00e3o perca o potencial de lucratividade. Com a assinatura Bronze, voc\u00ea ter\u00e1 acesso abrangente a quase todos os produtos do nosso site durante um per\u00edodo de 3 meses. \u00c9 a oportunidade ideal para come\u00e7ar a explorar nossas ofertas exclusivas e impulsionar seus resultados.<\/p>\n","protected":false},"excerpt":{"rendered":"<ul>\n<li>Acesso aos produtos do site <strong>durante 3 meses<\/strong><\/li>\n<li>Acesso imediato<\/li>\n<li>Novas vers\u00f5es gratuitas<\/li>\n<li>N\u00e3o renova automaticamente<\/li>\n<li>Suporte Premium<\/li>\n<\/ul>\n<p>Este plano possui restri\u00e7\u00f5es em rela\u00e7\u00e3o a determinados conte\u00fados. Consulte <strong><a href=\"https:\/\/wa.me\/5541998608485\" target=\"_blank\" rel=\"noopener\">aqui<\/a><\/strong> a lista de produtos aos quais esse plano n\u00e3o ter\u00e1 acesso.<\/p>\n","protected":false},"featured_media":2440,"comment_status":"open","ping_status":"closed","template":"","meta":[],"product_brand":[],"product_cat":[50],"product_tag":[],"class_list":{"0":"post-2401","1":"product","2":"type-product","3":"status-publish","4":"has-post-thumbnail","6":"product_cat-planos-de-assinatura","8":"first","9":"instock","10":"sale","11":"shipping-taxable","12":"purchasable","13":"product-type-simple"},"_links":{"self":[{"href":"https:\/\/vip.plwdesign.online\/index.php?rest_route=\/wp\/v2\/product\/2401","targetHints":{"allow":["GET"]}}],"collection":[{"href":"https:\/\/vip.plwdesign.online\/index.php?rest_route=\/wp\/v2\/product"}],"about":[{"href":"https:\/\/vip.plwdesign.online\/index.php?rest_route=\/wp\/v2\/types\/product"}],"replies":[{"embeddable":true,"href":"https:\/\/vip.plwdesign.online\/index.php?rest_route=%2Fwp%2Fv2%2Fcomments&post=2401"}],"version-history":[{"count":3,"href":"https:\/\/vip.plwdesign.online\/index.php?rest_route=\/wp\/v2\/product\/2401\/revisions"}],"predecessor-version":[{"id":12052,"href":"https:\/\/vip.plwdesign.online\/index.php?rest_route=\/wp\/v2\/product\/2401\/revisions\/12052"}],"wp:featuredmedia":[{"embeddable":true,"href":"https:\/\/vip.plwdesign.online\/index.php?rest_route=\/wp\/v2\/media\/2440"}],"wp:attachment":[{"href":"https:\/\/vip.plwdesign.online\/index.php?rest_route=%2Fwp%2Fv2%2Fmedia&parent=2401"}],"wp:term":[{"taxonomy":"product_brand","embeddable":true,"href":"https:\/\/vip.plwdesign.online\/index.php?rest_route=%2Fwp%2Fv2%2Fproduct_brand&post=2401"},{"taxonomy":"product_cat","embeddable":true,"href":"https:\/\/vip.plwdesign.online\/index.php?rest_route=%2Fwp%2Fv2%2Fproduct_cat&post=2401"},{"taxonomy":"product_tag","embeddable":true,"href":"https:\/\/vip.plwdesign.online\/index.php?rest_route=%2Fwp%2Fv2%2Fproduct_tag&post=2401"}],"curies":[{"name":"wp","href":"https:\/\/api.w.org\/{rel}","templated":true}]}}