{"id":240,"date":"2023-04-11T03:17:14","date_gmt":"2023-04-11T03:17:14","guid":{"rendered":"https:\/\/vip.plwdesign.online\/?post_type=product&#038;p=240"},"modified":"2024-04-19T21:41:42","modified_gmt":"2024-04-19T21:41:42","slug":"script-para-site-de-iptv-completo-wordpress-modelo-responsivo-2023","status":"publish","type":"product","link":"https:\/\/vip.plwdesign.online\/?product=script-para-site-de-iptv-completo-wordpress-modelo-responsivo-2023","title":{"rendered":"Script para Site de IPTV Completo WordPress Modelo Responsivo 2023"},"content":{"rendered":"<p>Tenha agora um site profissional de alta qualidade, sem nenhum tipo de trabalho com c\u00f3digos, com baixo custo, alta qualidade de design, otimizado, ilimitado e sem mensalidades.<\/p>\n<h4 style=\"text-align: center;\"><strong><a class=\"maxbutton-1 maxbutton maxbutton-demonstracao-makaryo\" title=\"Clique para ver a Demonstra\u00e7\u00e3o\" href=\"https:\/\/iptv1.webunitystudio.site\/\" target=\"_blank\" rel=\"noopener\"><span class=\"mb-text\">Demonstra\u00e7\u00e3o Online<\/span><\/a><\/strong><\/h4>\n<h4><strong>Algumas das funcionalidades do site:<\/strong><\/h4>\n<p>Site administr\u00e1vel<\/p>\n<p>Layout responsivo para funcionamento em celulares e tablets<\/p>\n<p>Integra\u00e7\u00e3o com Redes Sociais<\/p>\n<p>Site otimizado com plugins de Seo<\/p>\n<p>Painel administrativo em WordPress + Elementor<\/p>\n<p>F\u00e1cil edi\u00e7\u00e3o de p\u00e1ginas.<\/p>\n<p>&nbsp;<\/p>\n<h4><strong>Recursos<\/strong><\/h4>\n<p>Modificar cores<\/p>\n<p>Trocar images<\/p>\n<p>Trocar textos<\/p>\n<p>Acelera\u00e7\u00e3o de p\u00e1ginas e segura\u00e7a<\/p>\n<p>Integrar com redes sociais<\/p>\n<p>Colocar anunciantes e parceiros e muito mais\u2026<\/p>\n","protected":false},"excerpt":{"rendered":"<p>Tenha agora um site profissional de alta qualidade, sem nenhum tipo de trabalho com c\u00f3digos, com baixo custo, alta qualidade de design, otimizado, ilimitado e sem mensalidades.<\/p>\n","protected":false},"featured_media":241,"comment_status":"open","ping_status":"closed","template":"","meta":[],"product_brand":[],"product_cat":[44],"product_tag":[72],"class_list":{"0":"post-240","1":"product","2":"type-product","3":"status-publish","4":"has-post-thumbnail","6":"product_cat-scripts-php","7":"product_tag-iptv","8":"membership-content","9":"purchase-restricted","11":"first","12":"instock","13":"sale","14":"downloadable","15":"shipping-taxable","16":"product-type-simple"},"_links":{"self":[{"href":"https:\/\/vip.plwdesign.online\/index.php?rest_route=\/wp\/v2\/product\/240","targetHints":{"allow":["GET"]}}],"collection":[{"href":"https:\/\/vip.plwdesign.online\/index.php?rest_route=\/wp\/v2\/product"}],"about":[{"href":"https:\/\/vip.plwdesign.online\/index.php?rest_route=\/wp\/v2\/types\/product"}],"replies":[{"embeddable":true,"href":"https:\/\/vip.plwdesign.online\/index.php?rest_route=%2Fwp%2Fv2%2Fcomments&post=240"}],"version-history":[{"count":2,"href":"https:\/\/vip.plwdesign.online\/index.php?rest_route=\/wp\/v2\/product\/240\/revisions"}],"predecessor-version":[{"id":17267,"href":"https:\/\/vip.plwdesign.online\/index.php?rest_route=\/wp\/v2\/product\/240\/revisions\/17267"}],"wp:featuredmedia":[{"embeddable":true,"href":"https:\/\/vip.plwdesign.online\/index.php?rest_route=\/wp\/v2\/media\/241"}],"wp:attachment":[{"href":"https:\/\/vip.plwdesign.online\/index.php?rest_route=%2Fwp%2Fv2%2Fmedia&parent=240"}],"wp:term":[{"taxonomy":"product_brand","embeddable":true,"href":"https:\/\/vip.plwdesign.online\/index.php?rest_route=%2Fwp%2Fv2%2Fproduct_brand&post=240"},{"taxonomy":"product_cat","embeddable":true,"href":"https:\/\/vip.plwdesign.online\/index.php?rest_route=%2Fwp%2Fv2%2Fproduct_cat&post=240"},{"taxonomy":"product_tag","embeddable":true,"href":"https:\/\/vip.plwdesign.online\/index.php?rest_route=%2Fwp%2Fv2%2Fproduct_tag&post=240"}],"curies":[{"name":"wp","href":"https:\/\/api.w.org\/{rel}","templated":true}]}}