{"id":2121,"date":"2023-08-14T12:54:22","date_gmt":"2023-08-14T12:54:22","guid":{"rendered":"https:\/\/vip.plwdesign.online\/?post_type=product&#038;p=2121"},"modified":"2026-01-09T13:02:51","modified_gmt":"2026-01-09T13:02:51","slug":"pack-de-figurinhas-premium-para-whatsapp","status":"publish","type":"product","link":"https:\/\/vip.plwdesign.online\/?product=pack-de-figurinhas-premium-para-whatsapp","title":{"rendered":"Pack de Figurinhas Premium para WhatsApp"},"content":{"rendered":"<p>Explore uma Nova Onda de Lucratividade: Seja um Revendedor de <strong>Figurinhas Premium para WhatsApp<\/strong> em Mais de 30 Nichos!<\/p>\n<p>Voc\u00ea est\u00e1 pronto para mergulhar em uma oportunidade de neg\u00f3cio emocionante e altamente rent\u00e1vel? Apresentamos a voc\u00ea as Figurinhas Premium, uma maneira inovadora de impulsionar suas vendas e alcan\u00e7ar um mercado diversificado de mais de 30 nichos distintos!<\/p>\n<h3>Categorais:<\/h3>\n<p>ACARAJ\u00c1 &#8211; A\u00c7AITERIA &#8211; A\u00c7AITERIA TIGELA &#8211; ASSIST\u00caNCIA DE CELULAR &#8211; BATATARIA &#8211; BOLOS CASEIROS &#8211; CHURRASCARIA &#8211; CONFEITARIA 1 &#8211; CONFEITARIA 2 &#8211; COPO &#8211; DENTISTA &#8211; DISTRIBUIDORA DE BEBIDAS &#8211; DOCERIA &#8211; DOGUERIA &#8211; ESPETARIA &#8211; FARM\u00c1CIA &#8211; FLORICULTURA &#8211; FRANGO FRITO &#8211; HAMBURGUERIA &#8211; HAMBURGUERIA E PIZZARIA &#8211; MACARR\u00c3O &#8211; PADARIA &#8211; PASTELARIA &#8211; PETISCARIA &#8211; PIZZARIA &#8211; RESTAURANTE &#8211; SALGADOS E DOCES &#8211; SALGATERIA &#8211; SORVETERIA &#8211; SUSHI<\/p>\n<p>&nbsp;<\/p>\n","protected":false},"excerpt":{"rendered":"<p>Abra Caminho para Lucros: Revenda Agora as Figurinhas Premium para WhatsApp em 30+ Nichos!<\/p>\n","protected":false},"featured_media":2122,"comment_status":"open","ping_status":"closed","template":"","meta":[],"product_brand":[],"product_cat":[629],"product_tag":[],"class_list":{"0":"post-2121","1":"product","2":"type-product","3":"status-publish","4":"has-post-thumbnail","6":"product_cat-outros","7":"membership-content","8":"purchase-restricted","10":"first","11":"instock","12":"sale","13":"downloadable","14":"shipping-taxable","15":"product-type-simple"},"_links":{"self":[{"href":"https:\/\/vip.plwdesign.online\/index.php?rest_route=\/wp\/v2\/product\/2121","targetHints":{"allow":["GET"]}}],"collection":[{"href":"https:\/\/vip.plwdesign.online\/index.php?rest_route=\/wp\/v2\/product"}],"about":[{"href":"https:\/\/vip.plwdesign.online\/index.php?rest_route=\/wp\/v2\/types\/product"}],"replies":[{"embeddable":true,"href":"https:\/\/vip.plwdesign.online\/index.php?rest_route=%2Fwp%2Fv2%2Fcomments&post=2121"}],"version-history":[{"count":1,"href":"https:\/\/vip.plwdesign.online\/index.php?rest_route=\/wp\/v2\/product\/2121\/revisions"}],"predecessor-version":[{"id":2123,"href":"https:\/\/vip.plwdesign.online\/index.php?rest_route=\/wp\/v2\/product\/2121\/revisions\/2123"}],"wp:featuredmedia":[{"embeddable":true,"href":"https:\/\/vip.plwdesign.online\/index.php?rest_route=\/wp\/v2\/media\/2122"}],"wp:attachment":[{"href":"https:\/\/vip.plwdesign.online\/index.php?rest_route=%2Fwp%2Fv2%2Fmedia&parent=2121"}],"wp:term":[{"taxonomy":"product_brand","embeddable":true,"href":"https:\/\/vip.plwdesign.online\/index.php?rest_route=%2Fwp%2Fv2%2Fproduct_brand&post=2121"},{"taxonomy":"product_cat","embeddable":true,"href":"https:\/\/vip.plwdesign.online\/index.php?rest_route=%2Fwp%2Fv2%2Fproduct_cat&post=2121"},{"taxonomy":"product_tag","embeddable":true,"href":"https:\/\/vip.plwdesign.online\/index.php?rest_route=%2Fwp%2Fv2%2Fproduct_tag&post=2121"}],"curies":[{"name":"wp","href":"https:\/\/api.w.org\/{rel}","templated":true}]}}