{"id":209,"date":"2023-04-11T02:30:17","date_gmt":"2023-04-11T02:30:17","guid":{"rendered":"https:\/\/vip.plwdesign.online\/?post_type=product&#038;p=209"},"modified":"2025-12-15T22:56:07","modified_gmt":"2025-12-15T22:56:07","slug":"silver-plano-semestral","status":"publish","type":"product","link":"https:\/\/vip.plwdesign.online\/?product=silver-plano-semestral","title":{"rendered":"Avan\u00e7ado &#8211; Plano Semestral"},"content":{"rendered":"<p>Adquira agora o Plano Semestral da PlwDesign e tenha acesso ilimitado a todos os nossos produtos digitais durante 6 meses! Com esse plano, voc\u00ea ter\u00e1 acesso a programas para marketing, temas, plugins, packs e muito mais, tudo em um s\u00f3 lugar e por um pre\u00e7o acess\u00edvel. Al\u00e9m disso, voc\u00ea tamb\u00e9m ter\u00e1 suporte t\u00e9cnico especializado e atualiza\u00e7\u00f5es gratuitas durante todo o per\u00edodo de vig\u00eancia do plano.<\/p>\n<p>Com o Plano Semestral da PlwDesign, voc\u00ea poder\u00e1 aproveitar ao m\u00e1ximo todas as funcionalidades dos nossos produtos digitais, sem se preocupar com limita\u00e7\u00f5es de uso. E o melhor de tudo: voc\u00ea ter\u00e1 acesso a novos produtos adicionados ao nosso site durante todo o per\u00edodo de vig\u00eancia do plano, garantindo sempre um conte\u00fado atualizado e de qualidade.<\/p>\n<p>N\u00e3o perca mais tempo e adquira agora mesmo o Plano Semestral da PlwDesign. Aproveite essa oportunidade \u00fanica de ter acesso a todo o nosso acervo de produtos digitais, com suporte t\u00e9cnico especializado e atualiza\u00e7\u00f5es gratuitas durante 6 meses!<\/p>\n","protected":false},"excerpt":{"rendered":"<ul>\n<li>Acesso a todos produtos do site\u00a0<strong>durante 6 meses<\/strong><\/li>\n<li>Acesso imediato<\/li>\n<li>Novas vers\u00f5es gratuitas<\/li>\n<li>N\u00e3o renova automaticamente<\/li>\n<li>Suporte Premium<\/li>\n<\/ul>\n","protected":false},"featured_media":210,"comment_status":"open","ping_status":"closed","template":"","meta":[],"product_brand":[],"product_cat":[50],"product_tag":[53,52,51,54],"class_list":{"0":"post-209","1":"product","2":"type-product","3":"status-publish","4":"has-post-thumbnail","6":"product_cat-planos-de-assinatura","7":"product_tag-clube","8":"product_tag-membros","9":"product_tag-planos","10":"product_tag-silver","12":"first","13":"instock","14":"sale","15":"virtual","16":"purchasable","17":"product-type-simple"},"_links":{"self":[{"href":"https:\/\/vip.plwdesign.online\/index.php?rest_route=\/wp\/v2\/product\/209","targetHints":{"allow":["GET"]}}],"collection":[{"href":"https:\/\/vip.plwdesign.online\/index.php?rest_route=\/wp\/v2\/product"}],"about":[{"href":"https:\/\/vip.plwdesign.online\/index.php?rest_route=\/wp\/v2\/types\/product"}],"replies":[{"embeddable":true,"href":"https:\/\/vip.plwdesign.online\/index.php?rest_route=%2Fwp%2Fv2%2Fcomments&post=209"}],"version-history":[{"count":4,"href":"https:\/\/vip.plwdesign.online\/index.php?rest_route=\/wp\/v2\/product\/209\/revisions"}],"predecessor-version":[{"id":12051,"href":"https:\/\/vip.plwdesign.online\/index.php?rest_route=\/wp\/v2\/product\/209\/revisions\/12051"}],"wp:featuredmedia":[{"embeddable":true,"href":"https:\/\/vip.plwdesign.online\/index.php?rest_route=\/wp\/v2\/media\/210"}],"wp:attachment":[{"href":"https:\/\/vip.plwdesign.online\/index.php?rest_route=%2Fwp%2Fv2%2Fmedia&parent=209"}],"wp:term":[{"taxonomy":"product_brand","embeddable":true,"href":"https:\/\/vip.plwdesign.online\/index.php?rest_route=%2Fwp%2Fv2%2Fproduct_brand&post=209"},{"taxonomy":"product_cat","embeddable":true,"href":"https:\/\/vip.plwdesign.online\/index.php?rest_route=%2Fwp%2Fv2%2Fproduct_cat&post=209"},{"taxonomy":"product_tag","embeddable":true,"href":"https:\/\/vip.plwdesign.online\/index.php?rest_route=%2Fwp%2Fv2%2Fproduct_tag&post=209"}],"curies":[{"name":"wp","href":"https:\/\/api.w.org\/{rel}","templated":true}]}}