{"id":1837,"date":"2023-08-03T22:06:16","date_gmt":"2023-08-03T22:06:16","guid":{"rendered":"https:\/\/vip.plwdesign.online\/?post_type=product&#038;p=1837"},"modified":"2024-04-19T21:18:27","modified_gmt":"2024-04-19T21:18:27","slug":"pack-de-scripts-de-alta-conversao","status":"publish","type":"product","link":"https:\/\/vip.plwdesign.online\/?product=pack-de-scripts-de-alta-conversao","title":{"rendered":"Pack de Scripts de Alta Convers\u00e3o"},"content":{"rendered":"<p>O Pack de Scripts de Alta Convers\u00e3o \u00e9 uma compila\u00e7\u00e3o de recursos digitais especialmente desenvolvidos para potencializar as taxas de convers\u00e3o em sua p\u00e1gina. Essas ferramentas foram criadas com o objetivo de aprimorar o desempenho do seu site, tornando-o mais eficaz na transforma\u00e7\u00e3o de visitantes em clientes ou leads qualificados. Com o aux\u00edlio desses scripts, voc\u00ea poder\u00e1 otimizar suas estrat\u00e9gias de marketing e impulsionar os resultados do seu neg\u00f3cio, obtendo maior sucesso nas suas iniciativas de vendas e captura de leads.<\/p>\n<h3>Incluso no Pack:<\/h3>\n<ul>\n<li>Script de Regi\u00e3o do Brasil<\/li>\n<li>Script que Simula pessoas ao vivo na p\u00e1gina<\/li>\n<li>Script de Notifica\u00e7\u00e3o de Escassez<\/li>\n<li>Script de Data Atual Edit\u00e1vel<\/li>\n<li>Script Barra do Navegador 1 Nova Mensagem<\/li>\n<li>Script Barra de Progresso na P\u00e1gina<\/li>\n<li>Script Redirect para Grupos de WhatsApp<\/li>\n<\/ul>\n<p>&nbsp;<\/p>\n","protected":false},"excerpt":{"rendered":"<p>O Pack de Scripts de Alta Convers\u00e3o \u00e9 uma sele\u00e7\u00e3o de ferramentas digitais projetadas para aumentar a taxa de convers\u00e3o em sua p\u00e1gina.<\/p>\n","protected":false},"featured_media":1838,"comment_status":"open","ping_status":"closed","template":"","meta":[],"product_brand":[],"product_cat":[44],"product_tag":[220,374,45,397,47],"class_list":{"0":"post-1837","1":"product","2":"type-product","3":"status-publish","4":"has-post-thumbnail","6":"product_cat-scripts-php","7":"product_tag-elementor","8":"product_tag-html","9":"product_tag-script","10":"product_tag-templates","11":"product_tag-wordpress","12":"membership-content","13":"purchase-restricted","15":"first","16":"instock","17":"sale","18":"downloadable","19":"shipping-taxable","20":"product-type-simple"},"_links":{"self":[{"href":"https:\/\/vip.plwdesign.online\/index.php?rest_route=\/wp\/v2\/product\/1837","targetHints":{"allow":["GET"]}}],"collection":[{"href":"https:\/\/vip.plwdesign.online\/index.php?rest_route=\/wp\/v2\/product"}],"about":[{"href":"https:\/\/vip.plwdesign.online\/index.php?rest_route=\/wp\/v2\/types\/product"}],"replies":[{"embeddable":true,"href":"https:\/\/vip.plwdesign.online\/index.php?rest_route=%2Fwp%2Fv2%2Fcomments&post=1837"}],"version-history":[{"count":1,"href":"https:\/\/vip.plwdesign.online\/index.php?rest_route=\/wp\/v2\/product\/1837\/revisions"}],"predecessor-version":[{"id":1840,"href":"https:\/\/vip.plwdesign.online\/index.php?rest_route=\/wp\/v2\/product\/1837\/revisions\/1840"}],"wp:featuredmedia":[{"embeddable":true,"href":"https:\/\/vip.plwdesign.online\/index.php?rest_route=\/wp\/v2\/media\/1838"}],"wp:attachment":[{"href":"https:\/\/vip.plwdesign.online\/index.php?rest_route=%2Fwp%2Fv2%2Fmedia&parent=1837"}],"wp:term":[{"taxonomy":"product_brand","embeddable":true,"href":"https:\/\/vip.plwdesign.online\/index.php?rest_route=%2Fwp%2Fv2%2Fproduct_brand&post=1837"},{"taxonomy":"product_cat","embeddable":true,"href":"https:\/\/vip.plwdesign.online\/index.php?rest_route=%2Fwp%2Fv2%2Fproduct_cat&post=1837"},{"taxonomy":"product_tag","embeddable":true,"href":"https:\/\/vip.plwdesign.online\/index.php?rest_route=%2Fwp%2Fv2%2Fproduct_tag&post=1837"}],"curies":[{"name":"wp","href":"https:\/\/api.w.org\/{rel}","templated":true}]}}