{"id":1487,"date":"2023-07-15T14:15:04","date_gmt":"2023-07-15T14:15:04","guid":{"rendered":"https:\/\/vip.plwdesign.online\/?post_type=product&#038;p=1487"},"modified":"2026-01-09T13:03:06","modified_gmt":"2026-01-09T13:03:06","slug":"metodo-de-aquecimento-de-estrutura-whatsapp","status":"publish","type":"product","link":"https:\/\/vip.plwdesign.online\/?product=metodo-de-aquecimento-de-estrutura-whatsapp","title":{"rendered":"M\u00c9TODO DE AQUECIMENTO DE ESTRUTURA WHATSAPP"},"content":{"rendered":"<p style=\"text-align: center;\">Descubra o incr\u00edvel M\u00e9todo Turbo de Aquecimento para WhatsApp: 100% Eficaz e Conclu\u00eddo em Apenas 24 Horas! Surpreendentemente Mais Potente do que Qualquer Outro no Mercado!<\/p>\n<p style=\"text-align: center;\">Al\u00e9m disso, neste conte\u00fado exclusivo, voc\u00ea aprender\u00e1 um M\u00e9todo Infal\u00edvel de Desbanimento para QUALQUER WhatsApp em Quest\u00e3o de Minutos. Acredite, \u00e9 Imposs\u00edvel n\u00e3o Recuperar seu N\u00famero com Este M\u00e9todo.<\/p>\n","protected":false},"excerpt":{"rendered":"<p>Aprenda o m\u00e9todo de aquecimento de estrutura de WhatsApp, 100% eficaz e feito em apenas 24hrs (mais potente do que qualquer um que exista hoje no mercado).<\/p>\n","protected":false},"featured_media":1489,"comment_status":"open","ping_status":"closed","template":"","meta":[],"product_brand":[],"product_cat":[629],"product_tag":[364,21,363,362,19],"class_list":{"0":"post-1487","1":"product","2":"type-product","3":"status-publish","4":"has-post-thumbnail","6":"product_cat-outros","7":"product_tag-aquecimento","8":"product_tag-chips","9":"product_tag-desbanir","10":"product_tag-metodo","11":"product_tag-whatsapp","12":"membership-content","13":"purchase-restricted","15":"first","16":"instock","17":"sale","18":"downloadable","19":"shipping-taxable","20":"product-type-simple"},"_links":{"self":[{"href":"https:\/\/vip.plwdesign.online\/index.php?rest_route=\/wp\/v2\/product\/1487","targetHints":{"allow":["GET"]}}],"collection":[{"href":"https:\/\/vip.plwdesign.online\/index.php?rest_route=\/wp\/v2\/product"}],"about":[{"href":"https:\/\/vip.plwdesign.online\/index.php?rest_route=\/wp\/v2\/types\/product"}],"replies":[{"embeddable":true,"href":"https:\/\/vip.plwdesign.online\/index.php?rest_route=%2Fwp%2Fv2%2Fcomments&post=1487"}],"version-history":[{"count":1,"href":"https:\/\/vip.plwdesign.online\/index.php?rest_route=\/wp\/v2\/product\/1487\/revisions"}],"predecessor-version":[{"id":1490,"href":"https:\/\/vip.plwdesign.online\/index.php?rest_route=\/wp\/v2\/product\/1487\/revisions\/1490"}],"wp:featuredmedia":[{"embeddable":true,"href":"https:\/\/vip.plwdesign.online\/index.php?rest_route=\/wp\/v2\/media\/1489"}],"wp:attachment":[{"href":"https:\/\/vip.plwdesign.online\/index.php?rest_route=%2Fwp%2Fv2%2Fmedia&parent=1487"}],"wp:term":[{"taxonomy":"product_brand","embeddable":true,"href":"https:\/\/vip.plwdesign.online\/index.php?rest_route=%2Fwp%2Fv2%2Fproduct_brand&post=1487"},{"taxonomy":"product_cat","embeddable":true,"href":"https:\/\/vip.plwdesign.online\/index.php?rest_route=%2Fwp%2Fv2%2Fproduct_cat&post=1487"},{"taxonomy":"product_tag","embeddable":true,"href":"https:\/\/vip.plwdesign.online\/index.php?rest_route=%2Fwp%2Fv2%2Fproduct_tag&post=1487"}],"curies":[{"name":"wp","href":"https:\/\/api.w.org\/{rel}","templated":true}]}}