{"id":1163,"date":"2023-06-29T22:04:54","date_gmt":"2023-06-29T22:04:54","guid":{"rendered":"https:\/\/vip.plwdesign.online\/?post_type=product&#038;p=1163"},"modified":"2024-04-19T21:28:13","modified_gmt":"2024-04-19T21:28:13","slug":"site-imobiliaria","status":"publish","type":"product","link":"https:\/\/vip.plwdesign.online\/?product=site-imobiliaria","title":{"rendered":"Script Para Site de Imobili\u00e1ria &#8211; F\u00e1cil Instala\u00e7\u00e3o 2023"},"content":{"rendered":"\t\t<div data-elementor-type=\"product-post\" data-elementor-id=\"1163\" class=\"elementor elementor-1163\" data-elementor-post-type=\"product\">\n\t\t\t\t\t\t<section class=\"elementor-section elementor-top-section elementor-element elementor-element-31b7d629 elementor-section-boxed elementor-section-height-default elementor-section-height-default\" data-id=\"31b7d629\" data-element_type=\"section\" data-settings=\"{&quot;jet_parallax_layout_list&quot;:[]}\">\n\t\t\t\t\t\t<div class=\"elementor-container elementor-column-gap-default\">\n\t\t\t\t\t<div class=\"elementor-column elementor-col-100 elementor-top-column elementor-element elementor-element-6adfaf7c\" data-id=\"6adfaf7c\" data-element_type=\"column\">\n\t\t\t<div class=\"elementor-widget-wrap elementor-element-populated\">\n\t\t\t\t\t\t<div class=\"elementor-element elementor-element-7bd7a766 elementor-widget elementor-widget-heading\" data-id=\"7bd7a766\" data-element_type=\"widget\" data-widget_type=\"heading.default\">\n\t\t\t\t<div class=\"elementor-widget-container\">\n\t\t\t<h2 class=\"elementor-heading-title elementor-size-default\">Script pronto para Site de Imobili\u00e1ria<\/h2>\t\t<\/div>\n\t\t\t\t<\/div>\n\t\t\t\t<div class=\"elementor-element elementor-element-2504723f elementor-widget elementor-widget-text-editor\" data-id=\"2504723f\" data-element_type=\"widget\" data-widget_type=\"text-editor.default\">\n\t\t\t\t<div class=\"elementor-widget-container\">\n\t\t\t\t\t\t\t<p style=\"text-align: center;\">Site imobili\u00e1rio e corretor responsivo em PHP\/MySQL. Painel administrador intuitivo. Compat\u00edvel com principais navegadores. Layout responsivo e f\u00e1cil de usar. C\u00f3digo fonte aberto para personaliza\u00e7\u00e3o. Agilidade e performance com Bootstrap v3.3.7 e Font Awesome 5.7.0.<\/p>\t\t\t\t\t\t<\/div>\n\t\t\t\t<\/div>\n\t\t\t\t<div class=\"elementor-element elementor-element-54051e7d elementor-widget elementor-widget-heading\" data-id=\"54051e7d\" data-element_type=\"widget\" data-widget_type=\"heading.default\">\n\t\t\t\t<div class=\"elementor-widget-container\">\n\t\t\t<h2 class=\"elementor-heading-title elementor-size-default\">Demonstra\u00e7\u00e3o Online <img decoding=\"async\" role=\"img\" class=\"emoji\" alt=\"\ud83d\udd25\" src=\"https:\/\/s.w.org\/images\/core\/emoji\/14.0.0\/svg\/1f525.svg\"><\/h2>\t\t<\/div>\n\t\t\t\t<\/div>\n\t\t\t\t<div class=\"elementor-element elementor-element-59ff4aa elementor-button-success elementor-align-center elementor-widget elementor-widget-button\" data-id=\"59ff4aa\" data-element_type=\"widget\" data-widget_type=\"button.default\">\n\t\t\t\t<div class=\"elementor-widget-container\">\n\t\t\t\t\t\t\t<div class=\"elementor-button-wrapper\">\n\t\t\t\t\t<a class=\"elementor-button elementor-button-link elementor-size-sm\" href=\"https:\/\/plwdesign.online\/sitesprontos\/modelo1\/\" target=\"_blank\">\n\t\t\t\t\t\t<span class=\"elementor-button-content-wrapper\">\n\t\t\t\t\t\t\t\t\t<span class=\"elementor-button-text\">ACESSAR DEMONSTRA\u00c7\u00c3O<\/span>\n\t\t\t\t\t<\/span>\n\t\t\t\t\t<\/a>\n\t\t\t\t<\/div>\n\t\t\t\t\t\t<\/div>\n\t\t\t\t<\/div>\n\t\t\t\t<div class=\"elementor-element elementor-element-92cca5e elementor-widget elementor-widget-heading\" data-id=\"92cca5e\" data-element_type=\"widget\" data-widget_type=\"heading.default\">\n\t\t\t\t<div class=\"elementor-widget-container\">\n\t\t\t<h2 class=\"elementor-heading-title elementor-size-default\">FUN\u00c7\u00d5ES DO GERENCIADOR DE CONTE\u00daDOS:<\/h2>\t\t<\/div>\n\t\t\t\t<\/div>\n\t\t\t\t\t<\/div>\n\t\t<\/div>\n\t\t\t\t\t<\/div>\n\t\t<\/section>\n\t\t\t\t<section class=\"elementor-section elementor-top-section elementor-element elementor-element-5e584c17 elementor-section-boxed elementor-section-height-default elementor-section-height-default\" data-id=\"5e584c17\" data-element_type=\"section\" data-settings=\"{&quot;jet_parallax_layout_list&quot;:[]}\">\n\t\t\t\t\t\t<div class=\"elementor-container elementor-column-gap-default\">\n\t\t\t\t\t<div class=\"elementor-column elementor-col-100 elementor-top-column elementor-element elementor-element-3ec7d6ff\" data-id=\"3ec7d6ff\" data-element_type=\"column\">\n\t\t\t<div class=\"elementor-widget-wrap elementor-element-populated\">\n\t\t\t\t\t\t<div class=\"elementor-element elementor-element-d5f7d36 elementor-widget elementor-widget-text-editor\" data-id=\"d5f7d36\" data-element_type=\"widget\" data-widget_type=\"text-editor.default\">\n\t\t\t\t<div class=\"elementor-widget-container\">\n\t\t\t\t\t\t\t<p style=\"text-align: left;\">&#8211; Adicione Banners do Slide<br \/>&#8211; Cadastro de E-mails<br \/>&#8211; \u00c1rea do Cliente<br \/>&#8211; Configura\u00e7\u00f5es: ( E-mail de Contato \u2013 Meta Titulo da Pagina e Descri\u00e7\u00e3o \u2013<br \/>&#8211; Configura\u00e7\u00f5es de SMTP \u2013 Logo do Sistema )<br \/>&#8211; Edite Cores e Menu Topo e Rodap\u00e9<br \/>&#8211; Cadastro de Im\u00f3veis<br \/>&#8211; Cadastro de Clientes<br \/>&#8211; Cadastro de Cidades<br \/>&#8211; Cadastro de Bairros<br \/>&#8211; Cadastro de Tipos ( Ex. Apartamentos, Fazendas etc.. )<br \/>&#8211; Imagens Layout: ( Logo \u2013 Banners \u2013 Favicon )<br \/>&#8211; Redes Sociais ( Facebook \u2013 WhatsApp \u2013 Instagram e outras )<br \/>&#8211; Textos e Paginas<br \/>&#8211; Layout Topo<br \/>&#8211; Layout Rodap\u00e9<br \/>&#8211; Layout Paginas<br \/>&#8211; Crie P\u00e1ginas Ilimitadas<br \/>&#8211; Permiss\u00e3o de Usu\u00e1rios<\/p>\t\t\t\t\t\t<\/div>\n\t\t\t\t<\/div>\n\t\t\t\t\t<\/div>\n\t\t<\/div>\n\t\t\t\t\t<\/div>\n\t\t<\/section>\n\t\t\t\t<section class=\"elementor-section elementor-top-section elementor-element elementor-element-2e62a311 elementor-section-boxed elementor-section-height-default elementor-section-height-default\" data-id=\"2e62a311\" data-element_type=\"section\" data-settings=\"{&quot;jet_parallax_layout_list&quot;:[]}\">\n\t\t\t\t\t\t<div class=\"elementor-container elementor-column-gap-default\">\n\t\t\t\t\t<div class=\"elementor-column elementor-col-100 elementor-top-column elementor-element elementor-element-55ae4579\" data-id=\"55ae4579\" data-element_type=\"column\">\n\t\t\t<div class=\"elementor-widget-wrap elementor-element-populated\">\n\t\t\t\t\t\t<div class=\"elementor-element elementor-element-64fb7a59 elementor-widget elementor-widget-heading\" data-id=\"64fb7a59\" data-element_type=\"widget\" data-widget_type=\"heading.default\">\n\t\t\t\t<div class=\"elementor-widget-container\">\n\t\t\t<h2 class=\"elementor-heading-title elementor-size-default\">Perguntas Frequentes<\/h2>\t\t<\/div>\n\t\t\t\t<\/div>\n\t\t\t\t<div class=\"elementor-element elementor-element-756ac1c2 elementor-widget elementor-widget-toggle\" data-id=\"756ac1c2\" data-element_type=\"widget\" data-widget_type=\"toggle.default\">\n\t\t\t\t<div class=\"elementor-widget-container\">\n\t\t\t\t\t<div class=\"elementor-toggle\">\n\t\t\t\t\t\t\t<div class=\"elementor-toggle-item\">\n\t\t\t\t\t<div id=\"elementor-tab-title-1961\" class=\"elementor-tab-title\" data-tab=\"1\" role=\"button\" aria-controls=\"elementor-tab-content-1961\" aria-expanded=\"false\">\n\t\t\t\t\t\t\t\t\t\t\t\t<span class=\"elementor-toggle-icon elementor-toggle-icon-left\" aria-hidden=\"true\">\n\t\t\t\t\t\t\t\t\t\t\t\t\t\t\t<span class=\"elementor-toggle-icon-closed\"><i class=\"fas fa-caret-right\"><\/i><\/span>\n\t\t\t\t\t\t\t\t<span class=\"elementor-toggle-icon-opened\"><i class=\"elementor-toggle-icon-opened fas fa-caret-up\"><\/i><\/span>\n\t\t\t\t\t\t\t\t\t\t\t\t\t<\/span>\n\t\t\t\t\t\t\t\t\t\t\t\t<a class=\"elementor-toggle-title\" tabindex=\"0\">O produto \u00e9 atualizado com frequ\u00eancia?<\/a>\n\t\t\t\t\t<\/div>\n\n\t\t\t\t\t<div id=\"elementor-tab-content-1961\" class=\"elementor-tab-content elementor-clearfix\" data-tab=\"1\" role=\"region\" aria-labelledby=\"elementor-tab-title-1961\"><p>Sim, atualizamos noss script com frequ\u00eancia para garantir que ele esteja sempre atualizado e em conformidade com as \u00faltimas tend\u00eancias e recursos. Al\u00e9m disso, todas as atualiza\u00e7\u00f5es s\u00e3o gratuitas.<\/p><\/div>\n\t\t\t\t<\/div>\n\t\t\t\t\t\t\t<div class=\"elementor-toggle-item\">\n\t\t\t\t\t<div id=\"elementor-tab-title-1962\" class=\"elementor-tab-title\" data-tab=\"2\" role=\"button\" aria-controls=\"elementor-tab-content-1962\" aria-expanded=\"false\">\n\t\t\t\t\t\t\t\t\t\t\t\t<span class=\"elementor-toggle-icon elementor-toggle-icon-left\" aria-hidden=\"true\">\n\t\t\t\t\t\t\t\t\t\t\t\t\t\t\t<span class=\"elementor-toggle-icon-closed\"><i class=\"fas fa-caret-right\"><\/i><\/span>\n\t\t\t\t\t\t\t\t<span class=\"elementor-toggle-icon-opened\"><i class=\"elementor-toggle-icon-opened fas fa-caret-up\"><\/i><\/span>\n\t\t\t\t\t\t\t\t\t\t\t\t\t<\/span>\n\t\t\t\t\t\t\t\t\t\t\t\t<a class=\"elementor-toggle-title\" tabindex=\"0\">Como fa\u00e7o para ter acesso ao script?<\/a>\n\t\t\t\t\t<\/div>\n\n\t\t\t\t\t<div id=\"elementor-tab-content-1962\" class=\"elementor-tab-content elementor-clearfix\" data-tab=\"2\" role=\"region\" aria-labelledby=\"elementor-tab-title-1962\"><p>Para adquirir esse produto, \u00e9 necess\u00e1rio se tornar membro do nosso clube. Para obter mais informa\u00e7\u00f5es, conhe\u00e7a nossos planos. Clique em <a href=\"https:\/\/vip.plwdesign.online\/?page_id=318\" target=\"_new\">planos<\/a> para acessar.<\/p><\/div>\n\t\t\t\t<\/div>\n\t\t\t\t\t\t\t<div class=\"elementor-toggle-item\">\n\t\t\t\t\t<div id=\"elementor-tab-title-1963\" class=\"elementor-tab-title\" data-tab=\"3\" role=\"button\" aria-controls=\"elementor-tab-content-1963\" aria-expanded=\"false\">\n\t\t\t\t\t\t\t\t\t\t\t\t<span class=\"elementor-toggle-icon elementor-toggle-icon-left\" aria-hidden=\"true\">\n\t\t\t\t\t\t\t\t\t\t\t\t\t\t\t<span class=\"elementor-toggle-icon-closed\"><i class=\"fas fa-caret-right\"><\/i><\/span>\n\t\t\t\t\t\t\t\t<span class=\"elementor-toggle-icon-opened\"><i class=\"elementor-toggle-icon-opened fas fa-caret-up\"><\/i><\/span>\n\t\t\t\t\t\t\t\t\t\t\t\t\t<\/span>\n\t\t\t\t\t\t\t\t\t\t\t\t<a class=\"elementor-toggle-title\" tabindex=\"0\">Como fa\u00e7o para acessar os produtos ap\u00f3s baixar?<\/a>\n\t\t\t\t\t<\/div>\n\n\t\t\t\t\t<div id=\"elementor-tab-content-1963\" class=\"elementor-tab-content elementor-clearfix\" data-tab=\"3\" role=\"region\" aria-labelledby=\"elementor-tab-title-1963\">Para acessar os produtos adquiridos, basta clicar no link &#8220;<a href=\"https:\/\/vip.plwdesign.online\/?page_id=10&#038;downloads\">Meus Downloads<\/a>&#8221; e fazer login em sua conta.<\/div>\n\t\t\t\t<\/div>\n\t\t\t\t\t\t\t<div class=\"elementor-toggle-item\">\n\t\t\t\t\t<div id=\"elementor-tab-title-1964\" class=\"elementor-tab-title\" data-tab=\"4\" role=\"button\" aria-controls=\"elementor-tab-content-1964\" aria-expanded=\"false\">\n\t\t\t\t\t\t\t\t\t\t\t\t<span class=\"elementor-toggle-icon elementor-toggle-icon-left\" aria-hidden=\"true\">\n\t\t\t\t\t\t\t\t\t\t\t\t\t\t\t<span class=\"elementor-toggle-icon-closed\"><i class=\"fas fa-caret-right\"><\/i><\/span>\n\t\t\t\t\t\t\t\t<span class=\"elementor-toggle-icon-opened\"><i class=\"elementor-toggle-icon-opened fas fa-caret-up\"><\/i><\/span>\n\t\t\t\t\t\t\t\t\t\t\t\t\t<\/span>\n\t\t\t\t\t\t\t\t\t\t\t\t<a class=\"elementor-toggle-title\" tabindex=\"0\">Posso revender o script?<\/a>\n\t\t\t\t\t<\/div>\n\n\t\t\t\t\t<div id=\"elementor-tab-content-1964\" class=\"elementor-tab-content elementor-clearfix\" data-tab=\"4\" role=\"region\" aria-labelledby=\"elementor-tab-title-1964\"><p>Sim, voc\u00ea tem a liberdade de revender o script, uma vez que ele \u00e9 baseado em c\u00f3digo fonte aberto. O c\u00f3digo fonte aberto permite que voc\u00ea fa\u00e7a modifica\u00e7\u00f5es, personalize e comercialize o script de acordo com suas necessidades e objetivos comerciais.<\/p><\/div>\n\t\t\t\t<\/div>\n\t\t\t\t\t\t\t\t<\/div>\n\t\t\t\t<\/div>\n\t\t\t\t<\/div>\n\t\t\t\t\t<\/div>\n\t\t<\/div>\n\t\t\t\t\t<\/div>\n\t\t<\/section>\n\t\t\t\t<\/div>\n\t\t","protected":false},"excerpt":{"rendered":"<p>Nosso script para site de imobili\u00e1ria oferece uma solu\u00e7\u00e3o completa e de f\u00e1cil instala\u00e7\u00e3o. Com um sistema administrativo integrado, voc\u00ea ter\u00e1 total controle sobre o conte\u00fado do seu site. Al\u00e9m disso, o layout \u00e9 responsivo, se adaptando perfeitamente a diferentes dispositivos. Tenha um site profissional, gerencie suas propriedades e conquiste mais clientes de forma r\u00e1pida e eficiente.<\/p>\n","protected":false},"featured_media":1164,"comment_status":"open","ping_status":"closed","template":"","meta":[],"product_brand":[],"product_cat":[44],"product_tag":[347,349,45,348,346],"class_list":{"0":"post-1163","1":"product","2":"type-product","3":"status-publish","4":"has-post-thumbnail","6":"product_cat-scripts-php","7":"product_tag-instalacao-facil","8":"product_tag-layout-responsivo","9":"product_tag-script","10":"product_tag-sistema-administrativo","11":"product_tag-site-de-imobiliaria","12":"membership-content","13":"purchase-restricted","15":"first","16":"instock","17":"sale","18":"downloadable","19":"shipping-taxable","20":"product-type-simple"},"_links":{"self":[{"href":"https:\/\/vip.plwdesign.online\/index.php?rest_route=\/wp\/v2\/product\/1163","targetHints":{"allow":["GET"]}}],"collection":[{"href":"https:\/\/vip.plwdesign.online\/index.php?rest_route=\/wp\/v2\/product"}],"about":[{"href":"https:\/\/vip.plwdesign.online\/index.php?rest_route=\/wp\/v2\/types\/product"}],"replies":[{"embeddable":true,"href":"https:\/\/vip.plwdesign.online\/index.php?rest_route=%2Fwp%2Fv2%2Fcomments&post=1163"}],"version-history":[{"count":19,"href":"https:\/\/vip.plwdesign.online\/index.php?rest_route=\/wp\/v2\/product\/1163\/revisions"}],"predecessor-version":[{"id":1205,"href":"https:\/\/vip.plwdesign.online\/index.php?rest_route=\/wp\/v2\/product\/1163\/revisions\/1205"}],"wp:featuredmedia":[{"embeddable":true,"href":"https:\/\/vip.plwdesign.online\/index.php?rest_route=\/wp\/v2\/media\/1164"}],"wp:attachment":[{"href":"https:\/\/vip.plwdesign.online\/index.php?rest_route=%2Fwp%2Fv2%2Fmedia&parent=1163"}],"wp:term":[{"taxonomy":"product_brand","embeddable":true,"href":"https:\/\/vip.plwdesign.online\/index.php?rest_route=%2Fwp%2Fv2%2Fproduct_brand&post=1163"},{"taxonomy":"product_cat","embeddable":true,"href":"https:\/\/vip.plwdesign.online\/index.php?rest_route=%2Fwp%2Fv2%2Fproduct_cat&post=1163"},{"taxonomy":"product_tag","embeddable":true,"href":"https:\/\/vip.plwdesign.online\/index.php?rest_route=%2Fwp%2Fv2%2Fproduct_tag&post=1163"}],"curies":[{"name":"wp","href":"https:\/\/api.w.org\/{rel}","templated":true}]}}