{"id":1067,"date":"2023-06-21T22:31:36","date_gmt":"2023-06-21T22:31:36","guid":{"rendered":"https:\/\/vip.plwdesign.online\/?post_type=product&#038;p=1067"},"modified":"2024-04-19T21:29:46","modified_gmt":"2024-04-19T21:29:46","slug":"script-para-site-pronto-de-iptv-tvpro-1-0","status":"publish","type":"product","link":"https:\/\/vip.plwdesign.online\/?product=script-para-site-pronto-de-iptv-tvpro-1-0","title":{"rendered":"Script para Site Pronto de IPTV &#8211; TVPRO 1.0"},"content":{"rendered":"<p style=\"text-align: center;\">Site para Venda de <strong>IPTV<\/strong> Streaming de V\u00eddeo 100% responsivo em PHP MySQL\u00a0com Painel Administrador, f\u00e1cil edi\u00e7\u00e3o pelo painel, feito em PHP 5.6 a 7.0\u00a0 MySQL, utilizando os Framework Bootstrap v3.3.7 e Font Awesome 5.7.0 para agiliza maior performance de navega\u00e7\u00e3o.<br \/>\nCompat\u00edvel com os principais navegadores Google Chrome, Opera, Firefox (Mozilla), Edge, Outros..<\/p>\n<div style=\"text-align: center;\">\n<div style=\"position: relative; display: inline-block; background-color: #f2f2f2; padding: 10px; border: 1px dotted #000; border-radius: 5px;\">\n<p style=\"margin: 0; text-align: center; color: #000; font-weight: bold; font-size: 14px;\">ACESSE A DEMONSTRA\u00c7\u00c3O ONLINE<\/p>\n<p><a style=\"display: inline-block; background-color: #000; color: #fff; padding: 10px 20px; border-radius: 5px; text-decoration: none; font-weight: bold;\" href=\"https:\/\/scripttvpro.plwdesign.online\/\">DEMONSTRA\u00c7\u00c3O<\/a><\/p>\n<\/div>\n<\/div>\n<h3 style=\"text-align: left;\">Garantia de Funcionamento somente para hospedagem com:<\/h3>\n<p style=\"text-align: left;\"><strong>REQUISITOS PARA INSTALA\u00c7\u00c3O:<\/strong><\/p>\n<p style=\"text-align: left;\">\u2013 Servidor Linux com cPanel da (cpanel.com)<br \/>\n\u2013 PHP 5.6 ao 7.4<br \/>\n\u2013 MySQL<br \/>\n\u2013 Apache<br \/>\n\u2013 phpMyAdmin<\/p>\n<h3 style=\"text-align: left;\">FUN\u00c7\u00d5ES DO GERENCIADOR DE CONTE\u00daDOS:<\/h3>\n<p style=\"text-align: left;\">&#8211; Banners\u00a0<b>( Slides )<\/b><br \/>\n&#8211; Altere todas as cores ( Qualquer Cor )<br \/>\n&#8211;\u00a0Caracter\u00edsticas<br \/>\n&#8211; V\u00eddeos<br \/>\n&#8211; D\u00favidas Frequentes<br \/>\n&#8211; Configura\u00e7\u00f5es<br \/>\n&#8211; Planos<br \/>\n&#8211; Formul\u00e1rio de Contatos<br \/>\n&#8211; Blocos<br \/>\n&#8211; Capas de Filmes\u00a0<b>( Slides )<\/b><br \/>\n&#8211; Imagens<br \/>\n&#8211; Layout Paginas<br \/>\n&#8211; Layout Rodap\u00e9<br \/>\n&#8211; Layout Topos<br \/>\n&#8211; Layout &#8211; Itens<br \/>\n&#8211; Contador<br \/>\n&#8211; Redes Sociais<br \/>\n&#8211; Textos<br \/>\n&#8211; Crie Permiss\u00f5es de Usu\u00e1rios<br \/>\n&#8211; Widgets\u00a0( Campo para inserir )<\/p>\n","protected":false},"excerpt":{"rendered":"<p>Expanda sua base de clientes de TV com nosso script para site de IPTV: Aproveite as oportunidades de crescimento!<\/p>\n","protected":false},"featured_media":1071,"comment_status":"open","ping_status":"closed","template":"","meta":[],"product_brand":[],"product_cat":[44],"product_tag":[72,237,335,334],"class_list":{"0":"post-1067","1":"product","2":"type-product","3":"status-publish","4":"has-post-thumbnail","6":"product_cat-scripts-php","7":"product_tag-iptv","8":"product_tag-responsivo","9":"product_tag-script-php","10":"product_tag-site-iptv","11":"membership-content","12":"purchase-restricted","14":"first","15":"instock","16":"sale","17":"downloadable","18":"shipping-taxable","19":"product-type-simple"},"_links":{"self":[{"href":"https:\/\/vip.plwdesign.online\/index.php?rest_route=\/wp\/v2\/product\/1067","targetHints":{"allow":["GET"]}}],"collection":[{"href":"https:\/\/vip.plwdesign.online\/index.php?rest_route=\/wp\/v2\/product"}],"about":[{"href":"https:\/\/vip.plwdesign.online\/index.php?rest_route=\/wp\/v2\/types\/product"}],"replies":[{"embeddable":true,"href":"https:\/\/vip.plwdesign.online\/index.php?rest_route=%2Fwp%2Fv2%2Fcomments&post=1067"}],"version-history":[{"count":5,"href":"https:\/\/vip.plwdesign.online\/index.php?rest_route=\/wp\/v2\/product\/1067\/revisions"}],"predecessor-version":[{"id":1075,"href":"https:\/\/vip.plwdesign.online\/index.php?rest_route=\/wp\/v2\/product\/1067\/revisions\/1075"}],"wp:featuredmedia":[{"embeddable":true,"href":"https:\/\/vip.plwdesign.online\/index.php?rest_route=\/wp\/v2\/media\/1071"}],"wp:attachment":[{"href":"https:\/\/vip.plwdesign.online\/index.php?rest_route=%2Fwp%2Fv2%2Fmedia&parent=1067"}],"wp:term":[{"taxonomy":"product_brand","embeddable":true,"href":"https:\/\/vip.plwdesign.online\/index.php?rest_route=%2Fwp%2Fv2%2Fproduct_brand&post=1067"},{"taxonomy":"product_cat","embeddable":true,"href":"https:\/\/vip.plwdesign.online\/index.php?rest_route=%2Fwp%2Fv2%2Fproduct_cat&post=1067"},{"taxonomy":"product_tag","embeddable":true,"href":"https:\/\/vip.plwdesign.online\/index.php?rest_route=%2Fwp%2Fv2%2Fproduct_tag&post=1067"}],"curies":[{"name":"wp","href":"https:\/\/api.w.org\/{rel}","templated":true}]}}