{"id":8662,"date":"2024-04-23T13:42:27","date_gmt":"2024-04-23T13:42:27","guid":{"rendered":"https:\/\/vip.plwdesign.online\/?page_id=8662"},"modified":"2024-06-19T17:01:59","modified_gmt":"2024-06-19T17:01:59","slug":"suporte-ao-cliente","status":"publish","type":"page","link":"https:\/\/vip.plwdesign.online\/?page_id=8662","title":{"rendered":"Suporte ao Cliente"},"content":{"rendered":"\t\t<div data-elementor-type=\"wp-page\" data-elementor-id=\"8662\" class=\"elementor elementor-8662\" data-elementor-post-type=\"page\">\n\t\t\t\t\t\t<section class=\"elementor-section elementor-top-section elementor-element elementor-element-590cb55 elementor-section-boxed elementor-section-height-default elementor-section-height-default\" data-id=\"590cb55\" data-element_type=\"section\" data-settings=\"{&quot;jet_parallax_layout_list&quot;:[]}\">\n\t\t\t\t\t\t<div class=\"elementor-container elementor-column-gap-default\">\n\t\t\t\t\t<div class=\"elementor-column elementor-col-100 elementor-top-column elementor-element elementor-element-7df0bb8\" data-id=\"7df0bb8\" data-element_type=\"column\">\n\t\t\t<div class=\"elementor-widget-wrap elementor-element-populated\">\n\t\t\t\t\t\t<div class=\"elementor-element elementor-element-8cdf10f elementor-alert-info elementor-widget elementor-widget-alert\" data-id=\"8cdf10f\" data-element_type=\"widget\" data-widget_type=\"alert.default\">\n\t\t\t\t<div class=\"elementor-widget-container\">\n\t\t\t\t\t<div class=\"elementor-alert\" role=\"alert\">\n\n\t\t\t\t\t\t<span class=\"elementor-alert-title\"><center>Aten\u00e7\u00e3o<\/span>\n\t\t\t\n\t\t\t\t\t\t<span class=\"elementor-alert-description\"><br>Para obter suporte online, voc\u00ea precisa estar logado na sua conta!<\/span>\n\t\t\t\n\t\t\t\t\t\t<button type=\"button\" class=\"elementor-alert-dismiss\">\n\t\t\t\t\t\t\t\t\t<span aria-hidden=\"true\">&times;<\/span>\n\t\t\t\t\t\t\t\t<span class=\"elementor-screen-only\">Dispensar este alerta.<\/span>\n\t\t\t<\/button>\n\t\t\t\n\t\t<\/div>\n\t\t\t\t<\/div>\n\t\t\t\t<\/div>\n\t\t\t\t\t<\/div>\n\t\t<\/div>\n\t\t\t\t\t<\/div>\n\t\t<\/section>\n\t\t\t\t<section class=\"elementor-section elementor-top-section elementor-element elementor-element-5e9691f elementor-section-boxed elementor-section-height-default elementor-section-height-default\" data-id=\"5e9691f\" data-element_type=\"section\" data-settings=\"{&quot;jet_parallax_layout_list&quot;:[]}\">\n\t\t\t\t\t\t<div class=\"elementor-container elementor-column-gap-default\">\n\t\t\t\t\t<div class=\"elementor-column elementor-col-100 elementor-top-column elementor-element elementor-element-d36411f\" data-id=\"d36411f\" data-element_type=\"column\">\n\t\t\t<div class=\"elementor-widget-wrap elementor-element-populated\">\n\t\t\t\t\t\t<div class=\"elementor-element elementor-element-ee5f9db elementor-widget elementor-widget-video\" data-id=\"ee5f9db\" data-element_type=\"widget\" data-settings=\"{&quot;youtube_url&quot;:&quot;https:\\\/\\\/www.youtube.com\\\/watch?v=bs43Wr_lTHo&quot;,&quot;video_type&quot;:&quot;youtube&quot;,&quot;controls&quot;:&quot;yes&quot;}\" data-widget_type=\"video.default\">\n\t\t\t\t<div class=\"elementor-widget-container\">\n\t\t\t\t\t<div class=\"elementor-wrapper elementor-open-inline\">\n\t\t\t<div class=\"elementor-video\"><\/div>\t\t<\/div>\n\t\t\t\t<\/div>\n\t\t\t\t<\/div>\n\t\t\t\t\t<\/div>\n\t\t<\/div>\n\t\t\t\t\t<\/div>\n\t\t<\/section>\n\t\t\t\t<\/div>\n\t\t","protected":false},"excerpt":{"rendered":"<p>Aten\u00e7\u00e3o Para obter suporte online, voc\u00ea precisa estar logado na sua conta! &times; Dispensar este alerta. Estamos migrando nosso suporte ao cliente para o nosso site, atrav\u00e9s de chat online durante os hor\u00e1rios de atendimento e via ticket fora do hor\u00e1rio de atendimento ou para quest\u00f5es mais complexas. Aqui, o suporte \u00e9 mais \u00e1gil e [&hellip;]<\/p>\n","protected":false},"author":1,"featured_media":0,"parent":0,"menu_order":0,"comment_status":"closed","ping_status":"closed","template":"","meta":{"footnotes":""},"class_list":["post-8662","page","type-page","status-publish","hentry"],"_links":{"self":[{"href":"https:\/\/vip.plwdesign.online\/index.php?rest_route=\/wp\/v2\/pages\/8662","targetHints":{"allow":["GET"]}}],"collection":[{"href":"https:\/\/vip.plwdesign.online\/index.php?rest_route=\/wp\/v2\/pages"}],"about":[{"href":"https:\/\/vip.plwdesign.online\/index.php?rest_route=\/wp\/v2\/types\/page"}],"author":[{"embeddable":true,"href":"https:\/\/vip.plwdesign.online\/index.php?rest_route=\/wp\/v2\/users\/1"}],"replies":[{"embeddable":true,"href":"https:\/\/vip.plwdesign.online\/index.php?rest_route=%2Fwp%2Fv2%2Fcomments&post=8662"}],"version-history":[{"count":22,"href":"https:\/\/vip.plwdesign.online\/index.php?rest_route=\/wp\/v2\/pages\/8662\/revisions"}],"predecessor-version":[{"id":10741,"href":"https:\/\/vip.plwdesign.online\/index.php?rest_route=\/wp\/v2\/pages\/8662\/revisions\/10741"}],"wp:attachment":[{"href":"https:\/\/vip.plwdesign.online\/index.php?rest_route=%2Fwp%2Fv2%2Fmedia&parent=8662"}],"curies":[{"name":"wp","href":"https:\/\/api.w.org\/{rel}","templated":true}]}}